{"id":1311,"date":"2021-02-26T09:07:10","date_gmt":"2021-02-26T08:07:10","guid":{"rendered":"http:\/\/mnemolab.de\/?page_id=1311"},"modified":"2021-05-03T10:37:49","modified_gmt":"2021-05-03T08:37:49","slug":"quellen","status":"publish","type":"page","link":"https:\/\/mnemolab.de\/en\/quellen\/","title":{"rendered":"Quellen"},"content":{"rendered":"<div data-elementor-type=\"wp-post\" data-elementor-id=\"1311\" class=\"elementor elementor-1311\">\n\t\t\t\t\t\t<div class=\"elementor-inner\">\n\t\t\t\t<div class=\"elementor-section-wrap\">\n\t\t\t\t\t\t\t\t\t<section class=\"elementor-section elementor-top-section elementor-element elementor-element-7ac9ca5 elementor-section-boxed elementor-section-height-default elementor-section-height-default\" data-id=\"7ac9ca5\" data-element_type=\"section\" data-settings=\"{&quot;background_background&quot;:&quot;classic&quot;}\">\n\t\t\t\t\t\t\t<div class=\"elementor-background-overlay\"><\/div>\n\t\t\t\t\t\t\t<div class=\"elementor-container elementor-column-gap-default\">\n\t\t\t\t\t\t\t<div class=\"elementor-row\">\n\t\t\t\t\t<div class=\"elementor-column elementor-col-33 elementor-top-column elementor-element elementor-element-073074e\" data-id=\"073074e\" data-element_type=\"column\">\n\t\t\t<div class=\"elementor-column-wrap\">\n\t\t\t\t\t\t\t<div class=\"elementor-widget-wrap\">\n\t\t\t\t\t\t\t\t<\/div>\n\t\t\t\t\t<\/div>\n\t\t<\/div>\n\t\t\t\t<div class=\"elementor-column elementor-col-33 elementor-top-column elementor-element elementor-element-90988fe\" data-id=\"90988fe\" data-element_type=\"column\">\n\t\t\t<div class=\"elementor-column-wrap elementor-element-populated\">\n\t\t\t\t\t\t\t<div class=\"elementor-widget-wrap\">\n\t\t\t\t\t\t<div class=\"elementor-element elementor-element-3b1fe38 elementor-widget elementor-widget-spacer\" data-id=\"3b1fe38\" data-element_type=\"widget\" data-widget_type=\"spacer.default\">\n\t\t\t\t<div class=\"elementor-widget-container\">\n\t\t\t\t\t<div class=\"elementor-spacer\">\n\t\t\t<div class=\"elementor-spacer-inner\"><\/div>\n\t\t<\/div>\n\t\t\t\t<\/div>\n\t\t\t\t<\/div>\n\t\t\t\t<div class=\"elementor-element elementor-element-4a1c612 elementor-widget elementor-widget-heading\" data-id=\"4a1c612\" data-element_type=\"widget\" data-widget_type=\"heading.default\">\n\t\t\t\t<div class=\"elementor-widget-container\">\n\t\t\t<h1 class=\"elementor-heading-title elementor-size-default\">Bibliography<\/h1>\t\t<\/div>\n\t\t\t\t<\/div>\n\t\t\t\t<div class=\"elementor-element elementor-element-83e539b elementor-widget elementor-widget-spacer\" data-id=\"83e539b\" data-element_type=\"widget\" data-widget_type=\"spacer.default\">\n\t\t\t\t<div class=\"elementor-widget-container\">\n\t\t\t\t\t<div class=\"elementor-spacer\">\n\t\t\t<div class=\"elementor-spacer-inner\"><\/div>\n\t\t<\/div>\n\t\t\t\t<\/div>\n\t\t\t\t<\/div>\n\t\t\t\t\t\t<\/div>\n\t\t\t\t\t<\/div>\n\t\t<\/div>\n\t\t\t\t<div class=\"elementor-column elementor-col-33 elementor-top-column elementor-element elementor-element-919f5c1\" data-id=\"919f5c1\" data-element_type=\"column\">\n\t\t\t<div class=\"elementor-column-wrap\">\n\t\t\t\t\t\t\t<div class=\"elementor-widget-wrap\">\n\t\t\t\t\t\t\t\t<\/div>\n\t\t\t\t\t<\/div>\n\t\t<\/div>\n\t\t\t\t\t\t\t\t<\/div>\n\t\t\t\t\t<\/div>\n\t\t<\/section>\n\t\t\t\t<section class=\"elementor-section elementor-top-section elementor-element elementor-element-8ba6c54 elementor-section-boxed elementor-section-height-default elementor-section-height-default\" data-id=\"8ba6c54\" data-element_type=\"section\">\n\t\t\t\t\t\t<div class=\"elementor-container elementor-column-gap-default\">\n\t\t\t\t\t\t\t<div class=\"elementor-row\">\n\t\t\t\t\t<div class=\"elementor-column elementor-col-33 elementor-top-column elementor-element elementor-element-f0b3a2e\" data-id=\"f0b3a2e\" data-element_type=\"column\">\n\t\t\t<div class=\"elementor-column-wrap\">\n\t\t\t\t\t\t\t<div class=\"elementor-widget-wrap\">\n\t\t\t\t\t\t\t\t<\/div>\n\t\t\t\t\t<\/div>\n\t\t<\/div>\n\t\t\t\t<div class=\"elementor-column elementor-col-33 elementor-top-column elementor-element elementor-element-d86c7b4\" data-id=\"d86c7b4\" data-element_type=\"column\">\n\t\t\t<div class=\"elementor-column-wrap elementor-element-populated\">\n\t\t\t\t\t\t\t<div class=\"elementor-widget-wrap\">\n\t\t\t\t\t\t<div class=\"elementor-element elementor-element-256bb3d elementor-widget elementor-widget-heading\" data-id=\"256bb3d\" data-element_type=\"widget\" data-widget_type=\"heading.default\">\n\t\t\t\t<div class=\"elementor-widget-container\">\n\t\t\t<h2 class=\"elementor-heading-title elementor-size-default\">Seniors<\/h2>\t\t<\/div>\n\t\t\t\t<\/div>\n\t\t\t\t<div class=\"elementor-element elementor-element-7308fba elementor-widget-divider--view-line elementor-widget elementor-widget-divider\" data-id=\"7308fba\" data-element_type=\"widget\" data-widget_type=\"divider.default\">\n\t\t\t\t<div class=\"elementor-widget-container\">\n\t\t\t\t\t<div class=\"elementor-divider\">\n\t\t\t<span class=\"elementor-divider-separator\">\n\t\t\t\t\t\t<\/span>\n\t\t<\/div>\n\t\t\t\t<\/div>\n\t\t\t\t<\/div>\n\t\t\t\t<div class=\"elementor-element elementor-element-c5bae2a elementor-widget elementor-widget-text-editor\" data-id=\"c5bae2a\" data-element_type=\"widget\" data-widget_type=\"text-editor.default\">\n\t\t\t\t<div class=\"elementor-widget-container\">\n\t\t\t\t\t\t\t\t<div class=\"elementor-text-editor elementor-clearfix\">\n\t\t\t\t[1] Anschutz, L., Camp, C. J., Markley, R. P., &amp; Kramer, J. J. (1987). Remembering mnemonics: A three-year follow-up on the effects of mnemonics training in elderly adults. Experimental aging research, 13(3), 141-143.\t\t\t\t\t<\/div>\n\t\t\t\t\t\t<\/div>\n\t\t\t\t<\/div>\n\t\t\t\t<div class=\"elementor-element elementor-element-857065b elementor-widget elementor-widget-text-editor\" data-id=\"857065b\" data-element_type=\"widget\" data-widget_type=\"text-editor.default\">\n\t\t\t\t<div class=\"elementor-widget-container\">\n\t\t\t\t\t\t\t\t<div class=\"elementor-text-editor elementor-clearfix\">\n\t\t\t\t[2] Apostolova, L. G., Dinov, I. D., Dutton, R. A., Hayashi, K. M., Toga, A. W., Cummings, J. L., &amp; Thompson, P. M. (2006). 3D comparison of hippocampal atrophy in amnestic mild cognitive impairment and Alzheimer&#8217;s disease. Brain, 129(11), 2867-2873.\t\t\t\t\t<\/div>\n\t\t\t\t\t\t<\/div>\n\t\t\t\t<\/div>\n\t\t\t\t<div class=\"elementor-element elementor-element-901f5ba elementor-widget elementor-widget-text-editor\" data-id=\"901f5ba\" data-element_type=\"widget\" data-widget_type=\"text-editor.default\">\n\t\t\t\t<div class=\"elementor-widget-container\">\n\t\t\t\t\t\t\t\t<div class=\"elementor-text-editor elementor-clearfix\">\n\t\t\t\t[3] Baltes, P. B. (1993). The aging mind: Potential and limits. The gerontologist, 33(5), 580-594.\t\t\t\t\t<\/div>\n\t\t\t\t\t\t<\/div>\n\t\t\t\t<\/div>\n\t\t\t\t<div class=\"elementor-element elementor-element-fd18edd elementor-widget elementor-widget-text-editor\" data-id=\"fd18edd\" data-element_type=\"widget\" data-widget_type=\"text-editor.default\">\n\t\t\t\t<div class=\"elementor-widget-container\">\n\t\t\t\t\t\t\t\t<div class=\"elementor-text-editor elementor-clearfix\">\n\t\t\t\t[4] Cabeza, R., &amp; St Jacques, P. (2007). Functional neuroimaging of autobiographical memory. Trends in cognitive sciences, 11(5), 219-227.\t\t\t\t\t<\/div>\n\t\t\t\t\t\t<\/div>\n\t\t\t\t<\/div>\n\t\t\t\t<div class=\"elementor-element elementor-element-13d0c87 elementor-widget elementor-widget-text-editor\" data-id=\"13d0c87\" data-element_type=\"widget\" data-widget_type=\"text-editor.default\">\n\t\t\t\t<div class=\"elementor-widget-container\">\n\t\t\t\t\t\t\t\t<div class=\"elementor-text-editor elementor-clearfix\">\n\t\t\t\t[5] Ekstrom, A. D., Caplan, J. B., Ho, E., Shattuck, K., Fried, I., &amp; Kahana, M. J. (2005). Human hippocampal theta activity during virtual navigation. Hippocampus, 15(7), 881-889.\t\t\t\t\t<\/div>\n\t\t\t\t\t\t<\/div>\n\t\t\t\t<\/div>\n\t\t\t\t<div class=\"elementor-element elementor-element-0651475 elementor-widget elementor-widget-text-editor\" data-id=\"0651475\" data-element_type=\"widget\" data-widget_type=\"text-editor.default\">\n\t\t\t\t<div class=\"elementor-widget-container\">\n\t\t\t\t\t\t\t\t<div class=\"elementor-text-editor elementor-clearfix\">\n\t\t\t\t[6] Ericsson, K. A. (2003). Exceptional memorizers: made, not born. TRENDS in Cognitive Sciences,7(6), 233.\t\t\t\t\t<\/div>\n\t\t\t\t\t\t<\/div>\n\t\t\t\t<\/div>\n\t\t\t\t<div class=\"elementor-element elementor-element-0375f31 elementor-widget elementor-widget-text-editor\" data-id=\"0375f31\" data-element_type=\"widget\" data-widget_type=\"text-editor.default\">\n\t\t\t\t<div class=\"elementor-widget-container\">\n\t\t\t\t\t\t\t\t<div class=\"elementor-text-editor elementor-clearfix\">\n\t\t\t\t[7] Gross, A. L., Parisi, J. M., Spira, A. P., Kueider, A. M., Ko, J. Y., Saczynski, J. S., &#8230; &amp; Rebok, G. W. (2012). Memory training interventions for older adults: A meta-analysis. Aging &amp; mental health, 16(6), 722-734.\t\t\t\t\t<\/div>\n\t\t\t\t\t\t<\/div>\n\t\t\t\t<\/div>\n\t\t\t\t<div class=\"elementor-element elementor-element-4995bca elementor-widget elementor-widget-text-editor\" data-id=\"4995bca\" data-element_type=\"widget\" data-widget_type=\"text-editor.default\">\n\t\t\t\t<div class=\"elementor-widget-container\">\n\t\t\t\t\t\t\t\t<div class=\"elementor-text-editor elementor-clearfix\">\n\t\t\t\t[8] Hummert, M. L. (2011). Age stereotypes and aging. In Handbook of the psychology of aging (pp. 249-262). Academic Press.\t\t\t\t\t<\/div>\n\t\t\t\t\t\t<\/div>\n\t\t\t\t<\/div>\n\t\t\t\t<div class=\"elementor-element elementor-element-566874b elementor-widget elementor-widget-text-editor\" data-id=\"566874b\" data-element_type=\"widget\" data-widget_type=\"text-editor.default\">\n\t\t\t\t<div class=\"elementor-widget-container\">\n\t\t\t\t\t\t\t\t<div class=\"elementor-text-editor elementor-clearfix\">\n\t\t\t\t[9] Levy, B. R. (2003). Mind matters: Cognitive and physical effects of aging self-stereotypes. The Journals of Gerontology Series B: Psychological Sciences and Social Sciences, 58(4), 203-211.\t\t\t\t\t<\/div>\n\t\t\t\t\t\t<\/div>\n\t\t\t\t<\/div>\n\t\t\t\t<div class=\"elementor-element elementor-element-d5c0c4a elementor-widget elementor-widget-text-editor\" data-id=\"d5c0c4a\" data-element_type=\"widget\" data-widget_type=\"text-editor.default\">\n\t\t\t\t<div class=\"elementor-widget-container\">\n\t\t\t\t\t\t\t\t<div class=\"elementor-text-editor elementor-clearfix\">\n\t\t\t\t[10] Verhaeghen, P., Marcoen, A., &amp; Goossens, L. (1992). Improving memory performance in the aged through mnemonic training: a meta-analytic study. Psychology and aging, 7(2), 242.\t\t\t\t\t<\/div>\n\t\t\t\t\t\t<\/div>\n\t\t\t\t<\/div>\n\t\t\t\t<div class=\"elementor-element elementor-element-dda8dc6 elementor-widget elementor-widget-text-editor\" data-id=\"dda8dc6\" data-element_type=\"widget\" data-widget_type=\"text-editor.default\">\n\t\t\t\t<div class=\"elementor-widget-container\">\n\t\t\t\t\t\t\t\t<div class=\"elementor-text-editor elementor-clearfix\">\n\t\t\t\t[11] Vieira, R. T., Caixeta, L., Machado, S., Silva, A. C., Nardi, A. E., Arias-Carri\u00f3n, O., &amp; Carta, M. G. (2013). Epidemiology of early-onset dementia: a review of the literature.\t\t\t\t\t<\/div>\n\t\t\t\t\t\t<\/div>\n\t\t\t\t<\/div>\n\t\t\t\t<div class=\"elementor-element elementor-element-a4c5904 elementor-widget elementor-widget-text-editor\" data-id=\"a4c5904\" data-element_type=\"widget\" data-widget_type=\"text-editor.default\">\n\t\t\t\t<div class=\"elementor-widget-container\">\n\t\t\t\t\t\t\t\t<div class=\"elementor-text-editor elementor-clearfix\">\n\t\t\t\t\t\t\t\t\t<\/div>\n\t\t\t\t\t\t<\/div>\n\t\t\t\t<\/div>\n\t\t\t\t<div class=\"elementor-element elementor-element-5b7dea8 elementor-widget elementor-widget-text-editor\" data-id=\"5b7dea8\" data-element_type=\"widget\" data-widget_type=\"text-editor.default\">\n\t\t\t\t<div class=\"elementor-widget-container\">\n\t\t\t\t\t\t\t\t<div class=\"elementor-text-editor elementor-clearfix\">\n\t\t\t\t<p>[13] Chase, W. G., &amp; Ericsson, K. A. (1982). Skill and working memory. In G. Bower (Ed.), The psychology of learning and motivation (pp. 1\u201358). San Diego: Academic Press.<\/p>\t\t\t\t\t<\/div>\n\t\t\t\t\t\t<\/div>\n\t\t\t\t<\/div>\n\t\t\t\t<div class=\"elementor-element elementor-element-a5d212a elementor-widget elementor-widget-text-editor\" data-id=\"a5d212a\" data-element_type=\"widget\" data-widget_type=\"text-editor.default\">\n\t\t\t\t<div class=\"elementor-widget-container\">\n\t\t\t\t\t\t\t\t<div class=\"elementor-text-editor elementor-clearfix\">\n\t\t\t\t<p>[14] Ericsson &amp; Kintsch, (1995). Ericsson, K. A., &amp; Kintsch, W. (1995). Long-Term Working Memory. Psychological Review, 102 (2), 211\u2013245.<\/p>\t\t\t\t\t<\/div>\n\t\t\t\t\t\t<\/div>\n\t\t\t\t<\/div>\n\t\t\t\t<div class=\"elementor-element elementor-element-5b6cb22 elementor-widget elementor-widget-text-editor\" data-id=\"5b6cb22\" data-element_type=\"widget\" data-widget_type=\"text-editor.default\">\n\t\t\t\t<div class=\"elementor-widget-container\">\n\t\t\t\t\t\t\t\t<div class=\"elementor-text-editor elementor-clearfix\">\n\t\t\t\t<p>[15] Ericsson, K. A., Chase, W. G., Faloon, S., Ericcson, K. A., Chase, W. G., &amp; Faloon, S (1980, 6). Acquisition of a memory skill. Science (New York, N.Y.), 208 (4448),1181\u20132. doi: 10.1126\/SCIENCE.7375930<\/p>\t\t\t\t\t<\/div>\n\t\t\t\t\t\t<\/div>\n\t\t\t\t<\/div>\n\t\t\t\t<div class=\"elementor-element elementor-element-cc48876 elementor-widget elementor-widget-text-editor\" data-id=\"cc48876\" data-element_type=\"widget\" data-widget_type=\"text-editor.default\">\n\t\t\t\t<div class=\"elementor-widget-container\">\n\t\t\t\t\t\t\t\t<div class=\"elementor-text-editor elementor-clearfix\">\n\t\t\t\t<p>[16] Maguire, E. A., Valentine, E. R., Wilding, J. M., &amp; Kapur, N. (2003, 1). Routes to remembering: the brains behind superior memory. Nature Neuroscience, 6 (1), 90\u201395. doi: 10.1038\/nn988<\/p>\t\t\t\t\t<\/div>\n\t\t\t\t\t\t<\/div>\n\t\t\t\t<\/div>\n\t\t\t\t<div class=\"elementor-element elementor-element-f4a5aeb elementor-widget elementor-widget-text-editor\" data-id=\"f4a5aeb\" data-element_type=\"widget\" data-widget_type=\"text-editor.default\">\n\t\t\t\t<div class=\"elementor-widget-container\">\n\t\t\t\t\t\t\t\t<div class=\"elementor-text-editor elementor-clearfix\">\n\t\t\t\t<p>[17] Ericsson, K. A., &amp; Staszewski, J. J. (1989). Skilled memory and expertise: Mechanisms of exceptional performance. In D. Klahr &amp; D. Kotovsky (Eds.), Complex information processing: The impact of Herbert a. Simon (p. 235\u2013267). Lawrence ErlbaumAssociates, Inc.<\/p>\t\t\t\t\t<\/div>\n\t\t\t\t\t\t<\/div>\n\t\t\t\t<\/div>\n\t\t\t\t<div class=\"elementor-element elementor-element-d1d59be elementor-widget elementor-widget-text-editor\" data-id=\"d1d59be\" data-element_type=\"widget\" data-widget_type=\"text-editor.default\">\n\t\t\t\t<div class=\"elementor-widget-container\">\n\t\t\t\t\t\t\t\t<div class=\"elementor-text-editor elementor-clearfix\">\n\t\t\t\t<p>[18] Wilding, J., &amp; Valentine, E. (2006). Exceptional memory. In K. A. Ericsson, N. Charness, P. J. Feltovich, &amp; R. R. Hoffman (Eds.), Cambridge handbook of expertise and expert performance (p. 539\u2013552). Cambridge, UK: Cambridge University Press.<\/p>\t\t\t\t\t<\/div>\n\t\t\t\t\t\t<\/div>\n\t\t\t\t<\/div>\n\t\t\t\t<div class=\"elementor-element elementor-element-512a613 elementor-widget elementor-widget-text-editor\" data-id=\"512a613\" data-element_type=\"widget\" data-widget_type=\"text-editor.default\">\n\t\t\t\t<div class=\"elementor-widget-container\">\n\t\t\t\t\t\t\t\t<div class=\"elementor-text-editor elementor-clearfix\">\n\t\t\t\t<p class=\"p1\">[19] Gross, A. L., Parisi, J. M., Spira, A. P., Kueider, A. M., Ko, J. Y., Saczynski, J. S., &#8230; &amp; Rebok, G. W. (2012). Memory training interventions for older adults: A meta-analysis. <i>Aging &amp; mental health<\/i>, <i>16<\/i>(6), 722-734.<\/p>\t\t\t\t\t<\/div>\n\t\t\t\t\t\t<\/div>\n\t\t\t\t<\/div>\n\t\t\t\t<div class=\"elementor-element elementor-element-45b1a00 elementor-widget elementor-widget-text-editor\" data-id=\"45b1a00\" data-element_type=\"widget\" data-widget_type=\"text-editor.default\">\n\t\t\t\t<div class=\"elementor-widget-container\">\n\t\t\t\t\t\t\t\t<div class=\"elementor-text-editor elementor-clearfix\">\n\t\t\t\t<p>[20] Kluger et al., under review<\/p>\t\t\t\t\t<\/div>\n\t\t\t\t\t\t<\/div>\n\t\t\t\t<\/div>\n\t\t\t\t\t\t<\/div>\n\t\t\t\t\t<\/div>\n\t\t<\/div>\n\t\t\t\t<div class=\"elementor-column elementor-col-33 elementor-top-column elementor-element elementor-element-1722093\" data-id=\"1722093\" data-element_type=\"column\">\n\t\t\t<div class=\"elementor-column-wrap\">\n\t\t\t\t\t\t\t<div class=\"elementor-widget-wrap\">\n\t\t\t\t\t\t\t\t<\/div>\n\t\t\t\t\t<\/div>\n\t\t<\/div>\n\t\t\t\t\t\t\t\t<\/div>\n\t\t\t\t\t<\/div>\n\t\t<\/section>\n\t\t\t\t<section class=\"elementor-section elementor-top-section elementor-element elementor-element-1445298 elementor-section-boxed elementor-section-height-default elementor-section-height-default\" data-id=\"1445298\" data-element_type=\"section\">\n\t\t\t\t\t\t<div class=\"elementor-container elementor-column-gap-default\">\n\t\t\t\t\t\t\t<div class=\"elementor-row\">\n\t\t\t\t\t<div class=\"elementor-column elementor-col-100 elementor-top-column elementor-element elementor-element-678437d0\" data-id=\"678437d0\" data-element_type=\"column\">\n\t\t\t<div class=\"elementor-column-wrap elementor-element-populated\">\n\t\t\t\t\t\t\t<div class=\"elementor-widget-wrap\">\n\t\t\t\t\t\t<div class=\"elementor-element elementor-element-65a713ca elementor-widget elementor-widget-heading\" data-id=\"65a713ca\" data-element_type=\"widget\" data-widget_type=\"heading.default\">\n\t\t\t\t<div class=\"elementor-widget-container\">\n\t\t\t<h3 class=\"elementor-heading-title elementor-size-default\">Schreibe dich f\u00fcr unseren Newsletter ein<\/h3>\t\t<\/div>\n\t\t\t\t<\/div>\n\t\t\t\t<div class=\"elementor-element elementor-element-5f246ea8 elementor-widget-divider--view-line elementor-widget elementor-widget-divider\" data-id=\"5f246ea8\" data-element_type=\"widget\" data-widget_type=\"divider.default\">\n\t\t\t\t<div class=\"elementor-widget-container\">\n\t\t\t\t\t<div class=\"elementor-divider\">\n\t\t\t<span class=\"elementor-divider-separator\">\n\t\t\t\t\t\t<\/span>\n\t\t<\/div>\n\t\t\t\t<\/div>\n\t\t\t\t<\/div>\n\t\t\t\t\t\t<\/div>\n\t\t\t\t\t<\/div>\n\t\t<\/div>\n\t\t\t\t\t\t\t\t<\/div>\n\t\t\t\t\t<\/div>\n\t\t<\/section>\n\t\t\t\t\t\t\t\t\t<\/div>\n\t\t\t<\/div>\n\t\t\t\t\t<\/div>","protected":false},"excerpt":{"rendered":"<p>Bibliographie Senior*innen [1] Anschutz, L., Camp, C. J., Markley, R. P., &amp; Kramer, J. J. (1987). Remembering mnemonics: A three-year follow-up on the effects of mnemonics training in elderly adults. Experimental aging research, 13(3), 141-143.[2] Apostolova, L. G., Dinov, I. D., Dutton, R. A., Hayashi, K. M., Toga, A. W., Cummings, J. L., &amp; Thompson, &hellip;<\/p>\n<p class=\"read-more\"> <a class=\"\" href=\"https:\/\/mnemolab.de\/en\/quellen\/\"> <span class=\"screen-reader-text\">Quellen<\/span> Read More &raquo;<\/a><\/p>","protected":false},"author":1,"featured_media":0,"parent":0,"menu_order":0,"comment_status":"closed","ping_status":"closed","template":"","meta":[],"yoast_head":"<!-- This site is optimized with the Yoast SEO plugin v17.1 - https:\/\/yoast.com\/wordpress\/plugins\/seo\/ -->\n<title>Quellen - MnemoLab<\/title>\n<meta name=\"description\" content=\"Eine Forschungs- Trainingsplattform f\u00fcr neurokognitives Ged\u00e4chtnistraining mit Selbstversuch zum steigern der eigenen Ged\u00e4chtnisleistung.\" \/>\n<meta name=\"robots\" content=\"index, follow, max-snippet:-1, max-image-preview:large, max-video-preview:-1\" \/>\n<link rel=\"canonical\" href=\"https:\/\/mnemolab.de\/en\/quellen\/\" \/>\n<meta property=\"og:locale\" content=\"en_US\" \/>\n<meta property=\"og:type\" content=\"article\" \/>\n<meta property=\"og:title\" content=\"Quellen - MnemoLab\" \/>\n<meta property=\"og:description\" content=\"Eine Forschungs- Trainingsplattform f\u00fcr neurokognitives Ged\u00e4chtnistraining mit Selbstversuch zum steigern der eigenen Ged\u00e4chtnisleistung.\" \/>\n<meta property=\"og:url\" content=\"https:\/\/mnemolab.de\/en\/quellen\/\" \/>\n<meta property=\"og:site_name\" content=\"MnemoLab\" \/>\n<meta property=\"article:modified_time\" content=\"2021-05-03T08:37:49+00:00\" \/>\n<meta name=\"twitter:card\" content=\"summary_large_image\" \/>\n<meta name=\"twitter:label1\" content=\"Est. reading time\" \/>\n\t<meta name=\"twitter:data1\" content=\"2 minutes\" \/>\n<script type=\"application\/ld+json\" class=\"yoast-schema-graph\">{\"@context\":\"https:\/\/schema.org\",\"@graph\":[{\"@type\":\"Organization\",\"@id\":\"https:\/\/mnemolab.de\/#organization\",\"name\":\"MnemoLab\",\"url\":\"https:\/\/mnemolab.de\/\",\"sameAs\":[],\"logo\":{\"@type\":\"ImageObject\",\"@id\":\"https:\/\/mnemolab.de\/#logo\",\"inLanguage\":\"en-US\",\"url\":\"https:\/\/mnemolab.de\/wp-content\/uploads\/2021\/02\/Logo-ohne-Hintergrund.png\",\"contentUrl\":\"https:\/\/mnemolab.de\/wp-content\/uploads\/2021\/02\/Logo-ohne-Hintergrund.png\",\"width\":3543,\"height\":3543,\"caption\":\"MnemoLab\"},\"image\":{\"@id\":\"https:\/\/mnemolab.de\/#logo\"}},{\"@type\":\"WebSite\",\"@id\":\"https:\/\/mnemolab.de\/#website\",\"url\":\"https:\/\/mnemolab.de\/\",\"name\":\"MnemoLab\",\"description\":\"Forschungs- Trainingsplattform f\\u00fcr neurokognitives Ged\\u00e4chtnistraining\",\"publisher\":{\"@id\":\"https:\/\/mnemolab.de\/#organization\"},\"potentialAction\":[{\"@type\":\"SearchAction\",\"target\":{\"@type\":\"EntryPoint\",\"urlTemplate\":\"https:\/\/mnemolab.de\/?s={search_term_string}\"},\"query-input\":\"required name=search_term_string\"}],\"inLanguage\":\"en-US\"},{\"@type\":\"WebPage\",\"@id\":\"https:\/\/mnemolab.de\/quellen\/#webpage\",\"url\":\"https:\/\/mnemolab.de\/quellen\/\",\"name\":\"Quellen - MnemoLab\",\"isPartOf\":{\"@id\":\"https:\/\/mnemolab.de\/#website\"},\"datePublished\":\"2021-02-26T08:07:10+00:00\",\"dateModified\":\"2021-05-03T08:37:49+00:00\",\"description\":\"Eine Forschungs- Trainingsplattform f\\u00fcr neurokognitives Ged\\u00e4chtnistraining mit Selbstversuch zum steigern der eigenen Ged\\u00e4chtnisleistung.\",\"breadcrumb\":{\"@id\":\"https:\/\/mnemolab.de\/quellen\/#breadcrumb\"},\"inLanguage\":\"en-US\",\"potentialAction\":[{\"@type\":\"ReadAction\",\"target\":[\"https:\/\/mnemolab.de\/quellen\/\"]}]},{\"@type\":\"BreadcrumbList\",\"@id\":\"https:\/\/mnemolab.de\/quellen\/#breadcrumb\",\"itemListElement\":[{\"@type\":\"ListItem\",\"position\":1,\"name\":\"Startseite\",\"item\":\"https:\/\/mnemolab.de\/\"},{\"@type\":\"ListItem\",\"position\":2,\"name\":\"Quellen\"}]}]}<\/script>\n<!-- \/ Yoast SEO plugin. -->","yoast_head_json":{"title":"Quellen - MnemoLab","description":"Eine Forschungs- Trainingsplattform f\u00fcr neurokognitives Ged\u00e4chtnistraining mit Selbstversuch zum steigern der eigenen Ged\u00e4chtnisleistung.","robots":{"index":"index","follow":"follow","max-snippet":"max-snippet:-1","max-image-preview":"max-image-preview:large","max-video-preview":"max-video-preview:-1"},"canonical":"https:\/\/mnemolab.de\/en\/quellen\/","og_locale":"en_US","og_type":"article","og_title":"Quellen - MnemoLab","og_description":"Eine Forschungs- Trainingsplattform f\u00fcr neurokognitives Ged\u00e4chtnistraining mit Selbstversuch zum steigern der eigenen Ged\u00e4chtnisleistung.","og_url":"https:\/\/mnemolab.de\/en\/quellen\/","og_site_name":"MnemoLab","article_modified_time":"2021-05-03T08:37:49+00:00","twitter_card":"summary_large_image","twitter_misc":{"Est. reading time":"2 minutes"},"schema":{"@context":"https:\/\/schema.org","@graph":[{"@type":"Organization","@id":"https:\/\/mnemolab.de\/#organization","name":"MnemoLab","url":"https:\/\/mnemolab.de\/","sameAs":[],"logo":{"@type":"ImageObject","@id":"https:\/\/mnemolab.de\/#logo","inLanguage":"en-US","url":"https:\/\/mnemolab.de\/wp-content\/uploads\/2021\/02\/Logo-ohne-Hintergrund.png","contentUrl":"https:\/\/mnemolab.de\/wp-content\/uploads\/2021\/02\/Logo-ohne-Hintergrund.png","width":3543,"height":3543,"caption":"MnemoLab"},"image":{"@id":"https:\/\/mnemolab.de\/#logo"}},{"@type":"WebSite","@id":"https:\/\/mnemolab.de\/#website","url":"https:\/\/mnemolab.de\/","name":"MnemoLab","description":"Forschungs- Trainingsplattform f\u00fcr neurokognitives Ged\u00e4chtnistraining","publisher":{"@id":"https:\/\/mnemolab.de\/#organization"},"potentialAction":[{"@type":"SearchAction","target":{"@type":"EntryPoint","urlTemplate":"https:\/\/mnemolab.de\/?s={search_term_string}"},"query-input":"required name=search_term_string"}],"inLanguage":"en-US"},{"@type":"WebPage","@id":"https:\/\/mnemolab.de\/quellen\/#webpage","url":"https:\/\/mnemolab.de\/quellen\/","name":"Quellen - MnemoLab","isPartOf":{"@id":"https:\/\/mnemolab.de\/#website"},"datePublished":"2021-02-26T08:07:10+00:00","dateModified":"2021-05-03T08:37:49+00:00","description":"Eine Forschungs- Trainingsplattform f\u00fcr neurokognitives Ged\u00e4chtnistraining mit Selbstversuch zum steigern der eigenen Ged\u00e4chtnisleistung.","breadcrumb":{"@id":"https:\/\/mnemolab.de\/quellen\/#breadcrumb"},"inLanguage":"en-US","potentialAction":[{"@type":"ReadAction","target":["https:\/\/mnemolab.de\/quellen\/"]}]},{"@type":"BreadcrumbList","@id":"https:\/\/mnemolab.de\/quellen\/#breadcrumb","itemListElement":[{"@type":"ListItem","position":1,"name":"Startseite","item":"https:\/\/mnemolab.de\/"},{"@type":"ListItem","position":2,"name":"Quellen"}]}]}},"_links":{"self":[{"href":"https:\/\/mnemolab.de\/en\/wp-json\/wp\/v2\/pages\/1311"}],"collection":[{"href":"https:\/\/mnemolab.de\/en\/wp-json\/wp\/v2\/pages"}],"about":[{"href":"https:\/\/mnemolab.de\/en\/wp-json\/wp\/v2\/types\/page"}],"author":[{"embeddable":true,"href":"https:\/\/mnemolab.de\/en\/wp-json\/wp\/v2\/users\/1"}],"replies":[{"embeddable":true,"href":"https:\/\/mnemolab.de\/en\/wp-json\/wp\/v2\/comments?post=1311"}],"version-history":[{"count":10,"href":"https:\/\/mnemolab.de\/en\/wp-json\/wp\/v2\/pages\/1311\/revisions"}],"predecessor-version":[{"id":2582,"href":"https:\/\/mnemolab.de\/en\/wp-json\/wp\/v2\/pages\/1311\/revisions\/2582"}],"wp:attachment":[{"href":"https:\/\/mnemolab.de\/en\/wp-json\/wp\/v2\/media?parent=1311"}],"curies":[{"name":"wp","href":"https:\/\/api.w.org\/{rel}","templated":true}]}}