{"id":1436,"date":"2021-03-02T13:22:02","date_gmt":"2021-03-02T12:22:02","guid":{"rendered":"http:\/\/mnemolab.de\/?page_id=1436"},"modified":"2021-03-21T15:07:52","modified_gmt":"2021-03-21T14:07:52","slug":"impressum","status":"publish","type":"page","link":"https:\/\/mnemolab.de\/en\/impressum\/","title":{"rendered":"impressum"},"content":{"rendered":"<div data-elementor-type=\"wp-page\" data-elementor-id=\"1436\" class=\"elementor elementor-1436\">\n\t\t\t\t\t\t<div class=\"elementor-inner\">\n\t\t\t\t<div class=\"elementor-section-wrap\">\n\t\t\t\t\t\t\t\t\t<section class=\"elementor-section elementor-top-section elementor-element elementor-element-61d1ad5 elementor-section-boxed elementor-section-height-default elementor-section-height-default\" data-id=\"61d1ad5\" data-element_type=\"section\">\n\t\t\t\t\t\t<div class=\"elementor-container elementor-column-gap-default\">\n\t\t\t\t\t\t\t<div class=\"elementor-row\">\n\t\t\t\t\t<div class=\"elementor-column elementor-col-100 elementor-top-column elementor-element elementor-element-319bf5f\" data-id=\"319bf5f\" data-element_type=\"column\">\n\t\t\t<div class=\"elementor-column-wrap elementor-element-populated\">\n\t\t\t\t\t\t\t<div class=\"elementor-widget-wrap\">\n\t\t\t\t\t\t<div class=\"elementor-element elementor-element-7c27ac5 elementor-widget elementor-widget-heading\" data-id=\"7c27ac5\" data-element_type=\"widget\" data-widget_type=\"heading.default\">\n\t\t\t\t<div class=\"elementor-widget-container\">\n\t\t\t<h2 class=\"elementor-heading-title elementor-size-default\">impressum<\/h2>\t\t<\/div>\n\t\t\t\t<\/div>\n\t\t\t\t<div class=\"elementor-element elementor-element-b9fa61e elementor-widget-divider--view-line elementor-widget elementor-widget-divider\" data-id=\"b9fa61e\" data-element_type=\"widget\" data-widget_type=\"divider.default\">\n\t\t\t\t<div class=\"elementor-widget-container\">\n\t\t\t\t\t<div class=\"elementor-divider\">\n\t\t\t<span class=\"elementor-divider-separator\">\n\t\t\t\t\t\t<\/span>\n\t\t<\/div>\n\t\t\t\t<\/div>\n\t\t\t\t<\/div>\n\t\t\t\t<div class=\"elementor-element elementor-element-b816dc4 elementor-widget elementor-widget-shortcode\" data-id=\"b816dc4\" data-element_type=\"widget\" data-widget_type=\"shortcode.default\">\n\t\t\t\t<div class=\"elementor-widget-container\">\n\t\t\t\t\t<div class=\"elementor-shortcode\"><p><b>Information according to \u00a7 18 para. 2 Medienstaatsvertrag <\/b><\/p><p>MnemoLab<br \/>Prof. Kiran Varanasi<br\/>Gustav-Freytag-Stra&szlig;e 42 a<br\/>04277 Leipzig<br\/>Deutschland<br\/><\/p><p><b>Represented by:<\/b> Prof. Kiran Varanasi<br\/><\/p><p><b>Contact:<\/b><br\/>Phone: [+49] (0)341 3076-8305<br\/>E-Mail: <img class=\"dsgvoaio_emailpng\" src=\"https:\/\/mnemolab.de\/wp-content\/dsgvo-all-in-one-wp\/sserdaliame.png\"><br\/><\/p><p><b>Disclaimer<\/b><br \/><\/p><p><b>Responsibility for links:<\/b><br\/>Our offer contains links to external websites of third parties, on whose contents we have no influence. Therefore we cannot assume any liability for these external contents. The respective provider or operator of the sites is always responsible for the contents of the linked sites. The linked pages were checked for possible legal violations at the time of linking. Illegal contents were not identified at the time of linking. However, a permanent control of the contents of the linked pages is not reasonable without concrete evidence of a violation of the law. If we become aware of any infringements, we will remove such links immediately.<\/p><p><b>Liability for content:<\/b><br\/>The contents of our pages were created with the greatest care. However, we cannot assume any liability for the correctness, completeness and topicality of the contents. As a service provider, we are responsible for our own content on these pages in accordance with \u00a7 7 para. 1 TMG (German Telemedia Act) and general laws. According to \u00a7 8 to 10 TMG we are not obliged to monitor transmitted or stored information from third parties or to investigate circumstances that indicate illegal activity. Obligations to remove or block the use of information according to general laws remain unaffected. However, liability in this respect is only possible from the time of knowledge of a concrete infringement. If we become aware of any such violations, we will remove the content in question immediately.<\/p><p><b>Copyright<\/b><br \/>The contents and works on these pages created by the site operators are subject to German copyright law. The duplication, editing, distribution and any kind of utilization outside the limits of copyright law require the written consent of the respective author or creator. Downloads and copies of these pages are only permitted for private, non-commercial use. Insofar as the content on this site was not created by the operator, the copyrights of third parties are observed. In particular, third-party content is identified as such. Should you nevertheless become aware of a copyright infringement, please inform us accordingly. If we become aware of any infringements, we will remove such contents immediately.<\/p><\/div>\n\t\t\t\t<\/div>\n\t\t\t\t<\/div>\n\t\t\t\t\t\t<\/div>\n\t\t\t\t\t<\/div>\n\t\t<\/div>\n\t\t\t\t\t\t\t\t<\/div>\n\t\t\t\t\t<\/div>\n\t\t<\/section>\n\t\t\t\t\t\t\t\t\t<\/div>\n\t\t\t<\/div>\n\t\t\t\t\t<\/div>","protected":false},"excerpt":{"rendered":"<p>impressum<\/p>","protected":false},"author":1,"featured_media":0,"parent":0,"menu_order":0,"comment_status":"closed","ping_status":"closed","template":"","meta":[],"yoast_head":"<!-- This site is optimized with the Yoast SEO plugin v17.1 - https:\/\/yoast.com\/wordpress\/plugins\/seo\/ -->\n<title>Impressum - MnemoLab<\/title>\n<meta name=\"description\" content=\"Eine Forschungs- Trainingsplattform f\u00fcr neurokognitives Ged\u00e4chtnistraining mit Selbstversuch zum steigern der eigenen Ged\u00e4chtnisleistung.\" \/>\n<meta name=\"robots\" content=\"index, follow, max-snippet:-1, max-image-preview:large, max-video-preview:-1\" \/>\n<link rel=\"canonical\" href=\"https:\/\/mnemolab.de\/en\/impressum\/\" \/>\n<meta property=\"og:locale\" content=\"en_US\" \/>\n<meta property=\"og:type\" content=\"article\" \/>\n<meta property=\"og:title\" content=\"Impressum - MnemoLab\" \/>\n<meta property=\"og:description\" content=\"Eine Forschungs- Trainingsplattform f\u00fcr neurokognitives Ged\u00e4chtnistraining mit Selbstversuch zum steigern der eigenen Ged\u00e4chtnisleistung.\" \/>\n<meta property=\"og:url\" content=\"https:\/\/mnemolab.de\/en\/impressum\/\" \/>\n<meta property=\"og:site_name\" content=\"MnemoLab\" \/>\n<meta property=\"article:modified_time\" content=\"2021-03-21T14:07:52+00:00\" \/>\n<meta name=\"twitter:card\" content=\"summary_large_image\" \/>\n<script type=\"application\/ld+json\" class=\"yoast-schema-graph\">{\"@context\":\"https:\/\/schema.org\",\"@graph\":[{\"@type\":\"Organization\",\"@id\":\"https:\/\/mnemolab.de\/#organization\",\"name\":\"MnemoLab\",\"url\":\"https:\/\/mnemolab.de\/\",\"sameAs\":[],\"logo\":{\"@type\":\"ImageObject\",\"@id\":\"https:\/\/mnemolab.de\/#logo\",\"inLanguage\":\"en-US\",\"url\":\"https:\/\/mnemolab.de\/wp-content\/uploads\/2021\/02\/Logo-ohne-Hintergrund.png\",\"contentUrl\":\"https:\/\/mnemolab.de\/wp-content\/uploads\/2021\/02\/Logo-ohne-Hintergrund.png\",\"width\":3543,\"height\":3543,\"caption\":\"MnemoLab\"},\"image\":{\"@id\":\"https:\/\/mnemolab.de\/#logo\"}},{\"@type\":\"WebSite\",\"@id\":\"https:\/\/mnemolab.de\/#website\",\"url\":\"https:\/\/mnemolab.de\/\",\"name\":\"MnemoLab\",\"description\":\"Forschungs- Trainingsplattform f\\u00fcr neurokognitives Ged\\u00e4chtnistraining\",\"publisher\":{\"@id\":\"https:\/\/mnemolab.de\/#organization\"},\"potentialAction\":[{\"@type\":\"SearchAction\",\"target\":{\"@type\":\"EntryPoint\",\"urlTemplate\":\"https:\/\/mnemolab.de\/?s={search_term_string}\"},\"query-input\":\"required name=search_term_string\"}],\"inLanguage\":\"en-US\"},{\"@type\":\"WebPage\",\"@id\":\"https:\/\/mnemolab.de\/impressum\/#webpage\",\"url\":\"https:\/\/mnemolab.de\/impressum\/\",\"name\":\"Impressum - MnemoLab\",\"isPartOf\":{\"@id\":\"https:\/\/mnemolab.de\/#website\"},\"datePublished\":\"2021-03-02T12:22:02+00:00\",\"dateModified\":\"2021-03-21T14:07:52+00:00\",\"description\":\"Eine Forschungs- Trainingsplattform f\\u00fcr neurokognitives Ged\\u00e4chtnistraining mit Selbstversuch zum steigern der eigenen Ged\\u00e4chtnisleistung.\",\"breadcrumb\":{\"@id\":\"https:\/\/mnemolab.de\/impressum\/#breadcrumb\"},\"inLanguage\":\"en-US\",\"potentialAction\":[{\"@type\":\"ReadAction\",\"target\":[\"https:\/\/mnemolab.de\/impressum\/\"]}]},{\"@type\":\"BreadcrumbList\",\"@id\":\"https:\/\/mnemolab.de\/impressum\/#breadcrumb\",\"itemListElement\":[{\"@type\":\"ListItem\",\"position\":1,\"name\":\"Startseite\",\"item\":\"https:\/\/mnemolab.de\/\"},{\"@type\":\"ListItem\",\"position\":2,\"name\":\"Impressum\"}]}]}<\/script>\n<!-- \/ Yoast SEO plugin. -->","yoast_head_json":{"title":"Impressum - MnemoLab","description":"Eine Forschungs- Trainingsplattform f\u00fcr neurokognitives Ged\u00e4chtnistraining mit Selbstversuch zum steigern der eigenen Ged\u00e4chtnisleistung.","robots":{"index":"index","follow":"follow","max-snippet":"max-snippet:-1","max-image-preview":"max-image-preview:large","max-video-preview":"max-video-preview:-1"},"canonical":"https:\/\/mnemolab.de\/en\/impressum\/","og_locale":"en_US","og_type":"article","og_title":"Impressum - MnemoLab","og_description":"Eine Forschungs- Trainingsplattform f\u00fcr neurokognitives Ged\u00e4chtnistraining mit Selbstversuch zum steigern der eigenen Ged\u00e4chtnisleistung.","og_url":"https:\/\/mnemolab.de\/en\/impressum\/","og_site_name":"MnemoLab","article_modified_time":"2021-03-21T14:07:52+00:00","twitter_card":"summary_large_image","schema":{"@context":"https:\/\/schema.org","@graph":[{"@type":"Organization","@id":"https:\/\/mnemolab.de\/#organization","name":"MnemoLab","url":"https:\/\/mnemolab.de\/","sameAs":[],"logo":{"@type":"ImageObject","@id":"https:\/\/mnemolab.de\/#logo","inLanguage":"en-US","url":"https:\/\/mnemolab.de\/wp-content\/uploads\/2021\/02\/Logo-ohne-Hintergrund.png","contentUrl":"https:\/\/mnemolab.de\/wp-content\/uploads\/2021\/02\/Logo-ohne-Hintergrund.png","width":3543,"height":3543,"caption":"MnemoLab"},"image":{"@id":"https:\/\/mnemolab.de\/#logo"}},{"@type":"WebSite","@id":"https:\/\/mnemolab.de\/#website","url":"https:\/\/mnemolab.de\/","name":"MnemoLab","description":"Forschungs- Trainingsplattform f\u00fcr neurokognitives Ged\u00e4chtnistraining","publisher":{"@id":"https:\/\/mnemolab.de\/#organization"},"potentialAction":[{"@type":"SearchAction","target":{"@type":"EntryPoint","urlTemplate":"https:\/\/mnemolab.de\/?s={search_term_string}"},"query-input":"required name=search_term_string"}],"inLanguage":"en-US"},{"@type":"WebPage","@id":"https:\/\/mnemolab.de\/impressum\/#webpage","url":"https:\/\/mnemolab.de\/impressum\/","name":"Impressum - MnemoLab","isPartOf":{"@id":"https:\/\/mnemolab.de\/#website"},"datePublished":"2021-03-02T12:22:02+00:00","dateModified":"2021-03-21T14:07:52+00:00","description":"Eine Forschungs- Trainingsplattform f\u00fcr neurokognitives Ged\u00e4chtnistraining mit Selbstversuch zum steigern der eigenen Ged\u00e4chtnisleistung.","breadcrumb":{"@id":"https:\/\/mnemolab.de\/impressum\/#breadcrumb"},"inLanguage":"en-US","potentialAction":[{"@type":"ReadAction","target":["https:\/\/mnemolab.de\/impressum\/"]}]},{"@type":"BreadcrumbList","@id":"https:\/\/mnemolab.de\/impressum\/#breadcrumb","itemListElement":[{"@type":"ListItem","position":1,"name":"Startseite","item":"https:\/\/mnemolab.de\/"},{"@type":"ListItem","position":2,"name":"Impressum"}]}]}},"_links":{"self":[{"href":"https:\/\/mnemolab.de\/en\/wp-json\/wp\/v2\/pages\/1436"}],"collection":[{"href":"https:\/\/mnemolab.de\/en\/wp-json\/wp\/v2\/pages"}],"about":[{"href":"https:\/\/mnemolab.de\/en\/wp-json\/wp\/v2\/types\/page"}],"author":[{"embeddable":true,"href":"https:\/\/mnemolab.de\/en\/wp-json\/wp\/v2\/users\/1"}],"replies":[{"embeddable":true,"href":"https:\/\/mnemolab.de\/en\/wp-json\/wp\/v2\/comments?post=1436"}],"version-history":[{"count":3,"href":"https:\/\/mnemolab.de\/en\/wp-json\/wp\/v2\/pages\/1436\/revisions"}],"predecessor-version":[{"id":1815,"href":"https:\/\/mnemolab.de\/en\/wp-json\/wp\/v2\/pages\/1436\/revisions\/1815"}],"wp:attachment":[{"href":"https:\/\/mnemolab.de\/en\/wp-json\/wp\/v2\/media?parent=1436"}],"curies":[{"name":"wp","href":"https:\/\/api.w.org\/{rel}","templated":true}]}}