{"id":1988,"date":"2021-04-14T14:47:11","date_gmt":"2021-04-14T12:47:11","guid":{"rendered":"https:\/\/mnemolab.de\/?page_id=1988"},"modified":"2021-04-16T10:21:02","modified_gmt":"2021-04-16T08:21:02","slug":"loci","status":"publish","type":"page","link":"https:\/\/mnemolab.de\/en\/forschung\/loci\/","title":{"rendered":"Loci"},"content":{"rendered":"<div data-elementor-type=\"wp-page\" data-elementor-id=\"1988\" class=\"elementor elementor-1988\">\n\t\t\t\t\t\t<div class=\"elementor-inner\">\n\t\t\t\t<div class=\"elementor-section-wrap\">\n\t\t\t\t\t\t\t\t\t<section class=\"elementor-section elementor-top-section elementor-element elementor-element-875d791 elementor-section-boxed elementor-section-height-default elementor-section-height-default\" data-id=\"875d791\" data-element_type=\"section\">\n\t\t\t\t\t\t<div class=\"elementor-container elementor-column-gap-default\">\n\t\t\t\t\t\t\t<div class=\"elementor-row\">\n\t\t\t\t\t<div class=\"elementor-column elementor-col-100 elementor-top-column elementor-element elementor-element-76de6de\" data-id=\"76de6de\" data-element_type=\"column\">\n\t\t\t<div class=\"elementor-column-wrap elementor-element-populated\">\n\t\t\t\t\t\t\t<div class=\"elementor-widget-wrap\">\n\t\t\t\t\t\t<section class=\"elementor-section elementor-inner-section elementor-element elementor-element-20eecf7 elementor-section-boxed elementor-section-height-default elementor-section-height-default\" data-id=\"20eecf7\" data-element_type=\"section\">\n\t\t\t\t\t\t<div class=\"elementor-container elementor-column-gap-default\">\n\t\t\t\t\t\t\t<div class=\"elementor-row\">\n\t\t\t\t\t<div class=\"elementor-column elementor-col-33 elementor-inner-column elementor-element elementor-element-749b853\" data-id=\"749b853\" data-element_type=\"column\">\n\t\t\t<div class=\"elementor-column-wrap\">\n\t\t\t\t\t\t\t<div class=\"elementor-widget-wrap\">\n\t\t\t\t\t\t\t\t<\/div>\n\t\t\t\t\t<\/div>\n\t\t<\/div>\n\t\t\t\t<div class=\"elementor-column elementor-col-33 elementor-inner-column elementor-element elementor-element-848a562\" data-id=\"848a562\" data-element_type=\"column\">\n\t\t\t<div class=\"elementor-column-wrap elementor-element-populated\">\n\t\t\t\t\t\t\t<div class=\"elementor-widget-wrap\">\n\t\t\t\t\t\t<div class=\"elementor-element elementor-element-e6465ac elementor-widget elementor-widget-heading\" data-id=\"e6465ac\" data-element_type=\"widget\" data-widget_type=\"heading.default\">\n\t\t\t\t<div class=\"elementor-widget-container\">\n\t\t\t<h2 class=\"elementor-heading-title elementor-size-default\">Building a memory palace in minutes: Equivalent memory performance using virtual\nversus conventional environments with the Method of Loci <\/h2>\t\t<\/div>\n\t\t\t\t<\/div>\n\t\t\t\t<div class=\"elementor-element elementor-element-8f4d0df elementor-widget elementor-widget-text-editor\" data-id=\"8f4d0df\" data-element_type=\"widget\" data-widget_type=\"text-editor.default\">\n\t\t\t\t<div class=\"elementor-widget-container\">\n\t\t\t\t\t\t\t\t<div class=\"elementor-text-editor elementor-clearfix\">\n\t\t\t\t<p><span style=\"font-size: 3mm;\">Legge, E. L. G., Madan, C. R., Ng, E. T., &amp; Caplan, J. B. (2012). Building a memory palace in minutes: Equivalent memory performance using virtual versus conventional environments with the Method of Loci. Acta Psychologica, 141(3), 380-390.<br \/><\/span><\/p>\t\t\t\t\t<\/div>\n\t\t\t\t\t\t<\/div>\n\t\t\t\t<\/div>\n\t\t\t\t<div class=\"elementor-element elementor-element-e079410 elementor-widget-divider--view-line elementor-widget elementor-widget-divider\" data-id=\"e079410\" data-element_type=\"widget\" data-widget_type=\"divider.default\">\n\t\t\t\t<div class=\"elementor-widget-container\">\n\t\t\t\t\t<div class=\"elementor-divider\">\n\t\t\t<span class=\"elementor-divider-separator\">\n\t\t\t\t\t\t<\/span>\n\t\t<\/div>\n\t\t\t\t<\/div>\n\t\t\t\t<\/div>\n\t\t\t\t<div class=\"elementor-element elementor-element-a17cecd elementor-widget elementor-widget-heading\" data-id=\"a17cecd\" data-element_type=\"widget\" data-widget_type=\"heading.default\">\n\t\t\t\t<div class=\"elementor-widget-container\">\n\t\t\t<h4 class=\"elementor-heading-title elementor-size-default\">Background<\/h4>\t\t<\/div>\n\t\t\t\t<\/div>\n\t\t\t\t<div class=\"elementor-element elementor-element-72acc2e elementor-widget elementor-widget-text-editor\" data-id=\"72acc2e\" data-element_type=\"widget\" data-widget_type=\"text-editor.default\">\n\t\t\t\t<div class=\"elementor-widget-container\">\n\t\t\t\t\t\t\t\t<div class=\"elementor-text-editor elementor-clearfix\">\n\t\t\t\t<p><span style=\"font-weight: 400;\">The Method of Loci uses a familiar environment as a mnemonic scaffold and involves visuospatial navigation. Until now, it was not known whether and under which conditions virtual environments can be used as mnemonic scaffolds in the Method of Loci. <\/span><\/p>\t\t\t\t\t<\/div>\n\t\t\t\t\t\t<\/div>\n\t\t\t\t<\/div>\n\t\t\t\t<div class=\"elementor-element elementor-element-e6061b4 elementor-widget elementor-widget-shortcode\" data-id=\"e6061b4\" data-element_type=\"widget\" data-widget_type=\"shortcode.default\">\n\t\t\t\t<div class=\"elementor-widget-container\">\n\t\t\t\t\t<div class=\"elementor-shortcode\"><\/div>\n\t\t\t\t<\/div>\n\t\t\t\t<\/div>\n\t\t\t\t<div class=\"elementor-element elementor-element-80cce44 elementor-widget elementor-widget-heading\" data-id=\"80cce44\" data-element_type=\"widget\" data-widget_type=\"heading.default\">\n\t\t\t\t<div class=\"elementor-widget-container\">\n\t\t\t<h4 class=\"elementor-heading-title elementor-size-default\">Goal &amp; Main Research Question \n<\/h4>\t\t<\/div>\n\t\t\t\t<\/div>\n\t\t\t\t<div class=\"elementor-element elementor-element-d9ef31f elementor-widget elementor-widget-text-editor\" data-id=\"d9ef31f\" data-element_type=\"widget\" data-widget_type=\"text-editor.default\">\n\t\t\t\t<div class=\"elementor-widget-container\">\n\t\t\t\t\t\t\t\t<div class=\"elementor-text-editor elementor-clearfix\">\n\t\t\t\t<p><span style=\"font-weight: 400;\">The goal of this study was to find out whether virtual environments can be used as mnemonic scaffolds for the Method of Loci.\u00a0<\/span><\/p><p><span style=\"font-weight: 400;\">The main research question is: Does learning success with the Method of Loci differ when using a recently explored virtual environment as a mnemonic scaffold instead of a familiar environment? <\/span><\/p>\t\t\t\t\t<\/div>\n\t\t\t\t\t\t<\/div>\n\t\t\t\t<\/div>\n\t\t\t\t<div class=\"elementor-element elementor-element-ec66534 elementor-widget elementor-widget-heading\" data-id=\"ec66534\" data-element_type=\"widget\" data-widget_type=\"heading.default\">\n\t\t\t\t<div class=\"elementor-widget-container\">\n\t\t\t<h5 class=\"elementor-heading-title elementor-size-default\">Methods<\/h5>\t\t<\/div>\n\t\t\t\t<\/div>\n\t\t\t\t<div class=\"elementor-element elementor-element-d9ea1bc elementor-widget elementor-widget-text-editor\" data-id=\"d9ea1bc\" data-element_type=\"widget\" data-widget_type=\"text-editor.default\">\n\t\t\t\t<div class=\"elementor-widget-container\">\n\t\t\t\t\t\t\t\t<div class=\"elementor-text-editor elementor-clearfix\">\n\t\t\t\t<p><span style=\"font-weight: 400;\">142 students aged 17 to 27 participated in the experiment. They were divided into 3 groups:<\/span><\/p><ol><li><span style=\"font-weight: 400;\"> The <\/span><span style=\"color: #00ffff;\"><strong><i>Control group<\/i><\/strong><\/span><span style=\"font-weight: 400;\">that did not receive any instructions on memory techniques<\/span><\/li><li><span style=\"font-weight: 400;\">The <\/span><span style=\"color: #666699;\"><strong><i>Conventional Method of Loci Group<\/i><\/strong><\/span><span style=\"font-weight: 400;\">, which used the Method of Loci with a familiar environment (such as their own apartment)<\/span><\/li><li><span style=\"font-weight: 400;\">The <\/span><span style=\"color: #ff99cc;\"><strong><i>Virtual Method of Loci Group<\/i><\/strong><\/span><span style=\"font-weight: 400;\">, which used  the Method of Loci with a virtual environment explored shortly before the memory task<\/span><\/li><\/ol><p>Participants were asked to memorize and recall 10 lists of 11 randomly selected words each using the assigned method.<\/p>\t\t\t\t\t<\/div>\n\t\t\t\t\t\t<\/div>\n\t\t\t\t<\/div>\n\t\t\t\t<div class=\"elementor-element elementor-element-d25291b elementor-widget elementor-widget-heading\" data-id=\"d25291b\" data-element_type=\"widget\" data-widget_type=\"heading.default\">\n\t\t\t\t<div class=\"elementor-widget-container\">\n\t\t\t<h5 class=\"elementor-heading-title elementor-size-default\">Results<\/h5>\t\t<\/div>\n\t\t\t\t<\/div>\n\t\t\t\t<div class=\"elementor-element elementor-element-10d49ad elementor-widget elementor-widget-text-editor\" data-id=\"10d49ad\" data-element_type=\"widget\" data-widget_type=\"text-editor.default\">\n\t\t\t\t<div class=\"elementor-widget-container\">\n\t\t\t\t\t\t\t\t<div class=\"elementor-text-editor elementor-clearfix\">\n\t\t\t\t<p><span style=\"font-weight: 400;\">The surprising results showed that the Virtual Method of Loci Group achieved the same memory performance as the Conventional Method of Loci Group after only 5 minutes of training.<br \/><\/span>Both variants of the Method of Loci were also effective when the order of the to be remembered words was relevant.<\/p><p><span style=\"font-weight: 400;\">All groups were significantly better at remembering words that could be pictured well than those for which this was difficult. <\/span><\/p>\t\t\t\t\t<\/div>\n\t\t\t\t\t\t<\/div>\n\t\t\t\t<\/div>\n\t\t\t\t<div class=\"elementor-element elementor-element-e9ab3a5 elementor-widget elementor-widget-image\" data-id=\"e9ab3a5\" data-element_type=\"widget\" data-widget_type=\"image.default\">\n\t\t\t\t<div class=\"elementor-widget-container\">\n\t\t\t\t\t\t\t\t<div class=\"elementor-image\">\n\t\t\t\t\t\t\t\t\t\t\t\t<img width=\"1145\" height=\"910\" src=\"https:\/\/mnemolab.de\/wp-content\/uploads\/2021\/05\/locierg_en.jpg\" class=\"attachment-full size-full wp-image-1989\" alt=\"\" loading=\"lazy\" srcset=\"https:\/\/mnemolab.de\/wp-content\/uploads\/2021\/05\/locierg_en.jpg 1251w, https:\/\/mnemolab.de\/wp-content\/uploads\/2021\/05\/locierg_en-300x218.jpg 300w, https:\/\/mnemolab.de\/wp-content\/uploads\/2021\/05\/locierg_en-1024x745.jpg 1024w, https:\/\/mnemolab.de\/wp-content\/uploads\/2021\/05\/locierg_en-768x559.jpg 768w, https:\/\/mnemolab.de\/wp-content\/uploads\/2021\/05\/locierg_en-16x12.jpg 16w\" sizes=\"(max-width: 1145px) 100vw, 1145px\" \/>\t\t\t\t\t\t\t\t\t\t\t\t\t\t<\/div>\n\t\t\t\t\t\t<\/div>\n\t\t\t\t<\/div>\n\t\t\t\t<div class=\"elementor-element elementor-element-e1bf79f elementor-widget elementor-widget-heading\" data-id=\"e1bf79f\" data-element_type=\"widget\" data-widget_type=\"heading.default\">\n\t\t\t\t<div class=\"elementor-widget-container\">\n\t\t\t<h5 class=\"elementor-heading-title elementor-size-default\">Relevance<\/h5>\t\t<\/div>\n\t\t\t\t<\/div>\n\t\t\t\t<div class=\"elementor-element elementor-element-6e19d97 elementor-widget elementor-widget-text-editor\" data-id=\"6e19d97\" data-element_type=\"widget\" data-widget_type=\"text-editor.default\">\n\t\t\t\t<div class=\"elementor-widget-container\">\n\t\t\t\t\t\t\t\t<div class=\"elementor-text-editor elementor-clearfix\">\n\t\t\t\t<p><span style=\"font-weight: 400;\">Virtual environments can be successfully used for both practical applications of the Method of Loci and research on mnemonic strategies.<\/span><\/p>\t\t\t\t\t<\/div>\n\t\t\t\t\t\t<\/div>\n\t\t\t\t<\/div>\n\t\t\t\t\t\t<\/div>\n\t\t\t\t\t<\/div>\n\t\t<\/div>\n\t\t\t\t<div class=\"elementor-column elementor-col-33 elementor-inner-column elementor-element elementor-element-90808b8\" data-id=\"90808b8\" data-element_type=\"column\">\n\t\t\t<div class=\"elementor-column-wrap\">\n\t\t\t\t\t\t\t<div class=\"elementor-widget-wrap\">\n\t\t\t\t\t\t\t\t<\/div>\n\t\t\t\t\t<\/div>\n\t\t<\/div>\n\t\t\t\t\t\t\t\t<\/div>\n\t\t\t\t\t<\/div>\n\t\t<\/section>\n\t\t\t\t\t\t<\/div>\n\t\t\t\t\t<\/div>\n\t\t<\/div>\n\t\t\t\t\t\t\t\t<\/div>\n\t\t\t\t\t<\/div>\n\t\t<\/section>\n\t\t\t\t\t\t\t\t\t<\/div>\n\t\t\t<\/div>\n\t\t\t\t\t<\/div>","protected":false},"excerpt":{"rendered":"<p>Einen Ged\u00e4chtnispalast in nur wenigen Minuten errichten: Die Loci-Methode funktioniert in virtuellen Umgebungen so gut wie in realen Umgebungen Legge, E. L. G., Madan, C. R., Ng, E. T., &amp; Caplan, J. B. (2012). Building a memory palace in minutes: Equivalent memory performance using virtual versus conventional environments with the Method of Loci. Acta Psychologica, &hellip;<\/p>\n<p class=\"read-more\"> <a class=\"\" href=\"https:\/\/mnemolab.de\/en\/forschung\/loci\/\"> <span class=\"screen-reader-text\">Loci<\/span> Read More &raquo;<\/a><\/p>","protected":false},"author":1,"featured_media":0,"parent":877,"menu_order":0,"comment_status":"closed","ping_status":"closed","template":"","meta":[],"yoast_head":"<!-- This site is optimized with the Yoast SEO plugin v17.1 - https:\/\/yoast.com\/wordpress\/plugins\/seo\/ -->\n<title>Loci - MnemoLab<\/title>\n<meta name=\"description\" content=\"Eine Forschungs- Trainingsplattform f\u00fcr neurokognitives Ged\u00e4chtnistraining mit Selbstversuch zum steigern der eigenen Ged\u00e4chtnisleistung.\" \/>\n<meta name=\"robots\" content=\"index, follow, max-snippet:-1, max-image-preview:large, max-video-preview:-1\" \/>\n<link rel=\"canonical\" href=\"https:\/\/mnemolab.de\/en\/forschung\/loci\/\" \/>\n<meta property=\"og:locale\" content=\"en_US\" \/>\n<meta property=\"og:type\" content=\"article\" \/>\n<meta property=\"og:title\" content=\"Loci - MnemoLab\" \/>\n<meta property=\"og:description\" content=\"Eine Forschungs- Trainingsplattform f\u00fcr neurokognitives Ged\u00e4chtnistraining mit Selbstversuch zum steigern der eigenen Ged\u00e4chtnisleistung.\" \/>\n<meta property=\"og:url\" content=\"https:\/\/mnemolab.de\/en\/forschung\/loci\/\" \/>\n<meta property=\"og:site_name\" content=\"MnemoLab\" \/>\n<meta property=\"article:modified_time\" content=\"2021-04-16T08:21:02+00:00\" \/>\n<meta property=\"og:image\" content=\"https:\/\/mnemolab.de\/wp-content\/uploads\/2021\/04\/locierg.jpg\" \/>\n<meta name=\"twitter:card\" content=\"summary_large_image\" \/>\n<meta name=\"twitter:label1\" content=\"Est. reading time\" \/>\n\t<meta name=\"twitter:data1\" content=\"2 minutes\" \/>\n<script type=\"application\/ld+json\" class=\"yoast-schema-graph\">{\"@context\":\"https:\/\/schema.org\",\"@graph\":[{\"@type\":\"Organization\",\"@id\":\"https:\/\/mnemolab.de\/#organization\",\"name\":\"MnemoLab\",\"url\":\"https:\/\/mnemolab.de\/\",\"sameAs\":[],\"logo\":{\"@type\":\"ImageObject\",\"@id\":\"https:\/\/mnemolab.de\/#logo\",\"inLanguage\":\"en-US\",\"url\":\"https:\/\/mnemolab.de\/wp-content\/uploads\/2021\/02\/Logo-ohne-Hintergrund.png\",\"contentUrl\":\"https:\/\/mnemolab.de\/wp-content\/uploads\/2021\/02\/Logo-ohne-Hintergrund.png\",\"width\":3543,\"height\":3543,\"caption\":\"MnemoLab\"},\"image\":{\"@id\":\"https:\/\/mnemolab.de\/#logo\"}},{\"@type\":\"WebSite\",\"@id\":\"https:\/\/mnemolab.de\/#website\",\"url\":\"https:\/\/mnemolab.de\/\",\"name\":\"MnemoLab\",\"description\":\"Forschungs- Trainingsplattform f\\u00fcr neurokognitives Ged\\u00e4chtnistraining\",\"publisher\":{\"@id\":\"https:\/\/mnemolab.de\/#organization\"},\"potentialAction\":[{\"@type\":\"SearchAction\",\"target\":{\"@type\":\"EntryPoint\",\"urlTemplate\":\"https:\/\/mnemolab.de\/?s={search_term_string}\"},\"query-input\":\"required name=search_term_string\"}],\"inLanguage\":\"en-US\"},{\"@type\":\"ImageObject\",\"@id\":\"https:\/\/mnemolab.de\/forschung\/loci\/#primaryimage\",\"inLanguage\":\"en-US\",\"url\":\"https:\/\/mnemolab.de\/wp-content\/uploads\/2021\/04\/locierg.jpg\",\"contentUrl\":\"https:\/\/mnemolab.de\/wp-content\/uploads\/2021\/04\/locierg.jpg\",\"width\":1145,\"height\":910},{\"@type\":\"WebPage\",\"@id\":\"https:\/\/mnemolab.de\/forschung\/loci\/#webpage\",\"url\":\"https:\/\/mnemolab.de\/forschung\/loci\/\",\"name\":\"Loci - MnemoLab\",\"isPartOf\":{\"@id\":\"https:\/\/mnemolab.de\/#website\"},\"primaryImageOfPage\":{\"@id\":\"https:\/\/mnemolab.de\/forschung\/loci\/#primaryimage\"},\"datePublished\":\"2021-04-14T12:47:11+00:00\",\"dateModified\":\"2021-04-16T08:21:02+00:00\",\"description\":\"Eine Forschungs- Trainingsplattform f\\u00fcr neurokognitives Ged\\u00e4chtnistraining mit Selbstversuch zum steigern der eigenen Ged\\u00e4chtnisleistung.\",\"breadcrumb\":{\"@id\":\"https:\/\/mnemolab.de\/forschung\/loci\/#breadcrumb\"},\"inLanguage\":\"en-US\",\"potentialAction\":[{\"@type\":\"ReadAction\",\"target\":[\"https:\/\/mnemolab.de\/forschung\/loci\/\"]}]},{\"@type\":\"BreadcrumbList\",\"@id\":\"https:\/\/mnemolab.de\/forschung\/loci\/#breadcrumb\",\"itemListElement\":[{\"@type\":\"ListItem\",\"position\":1,\"name\":\"Startseite\",\"item\":\"https:\/\/mnemolab.de\/\"},{\"@type\":\"ListItem\",\"position\":2,\"name\":\"Forschung\",\"item\":\"https:\/\/mnemolab.de\/forschung\/\"},{\"@type\":\"ListItem\",\"position\":3,\"name\":\"Loci\"}]}]}<\/script>\n<!-- \/ Yoast SEO plugin. -->","yoast_head_json":{"title":"Loci - MnemoLab","description":"Eine Forschungs- Trainingsplattform f\u00fcr neurokognitives Ged\u00e4chtnistraining mit Selbstversuch zum steigern der eigenen Ged\u00e4chtnisleistung.","robots":{"index":"index","follow":"follow","max-snippet":"max-snippet:-1","max-image-preview":"max-image-preview:large","max-video-preview":"max-video-preview:-1"},"canonical":"https:\/\/mnemolab.de\/en\/forschung\/loci\/","og_locale":"en_US","og_type":"article","og_title":"Loci - MnemoLab","og_description":"Eine Forschungs- Trainingsplattform f\u00fcr neurokognitives Ged\u00e4chtnistraining mit Selbstversuch zum steigern der eigenen Ged\u00e4chtnisleistung.","og_url":"https:\/\/mnemolab.de\/en\/forschung\/loci\/","og_site_name":"MnemoLab","article_modified_time":"2021-04-16T08:21:02+00:00","og_image":[{"url":"https:\/\/mnemolab.de\/wp-content\/uploads\/2021\/04\/locierg.jpg"}],"twitter_card":"summary_large_image","twitter_misc":{"Est. reading time":"2 minutes"},"schema":{"@context":"https:\/\/schema.org","@graph":[{"@type":"Organization","@id":"https:\/\/mnemolab.de\/#organization","name":"MnemoLab","url":"https:\/\/mnemolab.de\/","sameAs":[],"logo":{"@type":"ImageObject","@id":"https:\/\/mnemolab.de\/#logo","inLanguage":"en-US","url":"https:\/\/mnemolab.de\/wp-content\/uploads\/2021\/02\/Logo-ohne-Hintergrund.png","contentUrl":"https:\/\/mnemolab.de\/wp-content\/uploads\/2021\/02\/Logo-ohne-Hintergrund.png","width":3543,"height":3543,"caption":"MnemoLab"},"image":{"@id":"https:\/\/mnemolab.de\/#logo"}},{"@type":"WebSite","@id":"https:\/\/mnemolab.de\/#website","url":"https:\/\/mnemolab.de\/","name":"MnemoLab","description":"Forschungs- Trainingsplattform f\u00fcr neurokognitives Ged\u00e4chtnistraining","publisher":{"@id":"https:\/\/mnemolab.de\/#organization"},"potentialAction":[{"@type":"SearchAction","target":{"@type":"EntryPoint","urlTemplate":"https:\/\/mnemolab.de\/?s={search_term_string}"},"query-input":"required name=search_term_string"}],"inLanguage":"en-US"},{"@type":"ImageObject","@id":"https:\/\/mnemolab.de\/forschung\/loci\/#primaryimage","inLanguage":"en-US","url":"https:\/\/mnemolab.de\/wp-content\/uploads\/2021\/04\/locierg.jpg","contentUrl":"https:\/\/mnemolab.de\/wp-content\/uploads\/2021\/04\/locierg.jpg","width":1145,"height":910},{"@type":"WebPage","@id":"https:\/\/mnemolab.de\/forschung\/loci\/#webpage","url":"https:\/\/mnemolab.de\/forschung\/loci\/","name":"Loci - MnemoLab","isPartOf":{"@id":"https:\/\/mnemolab.de\/#website"},"primaryImageOfPage":{"@id":"https:\/\/mnemolab.de\/forschung\/loci\/#primaryimage"},"datePublished":"2021-04-14T12:47:11+00:00","dateModified":"2021-04-16T08:21:02+00:00","description":"Eine Forschungs- Trainingsplattform f\u00fcr neurokognitives Ged\u00e4chtnistraining mit Selbstversuch zum steigern der eigenen Ged\u00e4chtnisleistung.","breadcrumb":{"@id":"https:\/\/mnemolab.de\/forschung\/loci\/#breadcrumb"},"inLanguage":"en-US","potentialAction":[{"@type":"ReadAction","target":["https:\/\/mnemolab.de\/forschung\/loci\/"]}]},{"@type":"BreadcrumbList","@id":"https:\/\/mnemolab.de\/forschung\/loci\/#breadcrumb","itemListElement":[{"@type":"ListItem","position":1,"name":"Startseite","item":"https:\/\/mnemolab.de\/"},{"@type":"ListItem","position":2,"name":"Forschung","item":"https:\/\/mnemolab.de\/forschung\/"},{"@type":"ListItem","position":3,"name":"Loci"}]}]}},"_links":{"self":[{"href":"https:\/\/mnemolab.de\/en\/wp-json\/wp\/v2\/pages\/1988"}],"collection":[{"href":"https:\/\/mnemolab.de\/en\/wp-json\/wp\/v2\/pages"}],"about":[{"href":"https:\/\/mnemolab.de\/en\/wp-json\/wp\/v2\/types\/page"}],"author":[{"embeddable":true,"href":"https:\/\/mnemolab.de\/en\/wp-json\/wp\/v2\/users\/1"}],"replies":[{"embeddable":true,"href":"https:\/\/mnemolab.de\/en\/wp-json\/wp\/v2\/comments?post=1988"}],"version-history":[{"count":12,"href":"https:\/\/mnemolab.de\/en\/wp-json\/wp\/v2\/pages\/1988\/revisions"}],"predecessor-version":[{"id":3004,"href":"https:\/\/mnemolab.de\/en\/wp-json\/wp\/v2\/pages\/1988\/revisions\/3004"}],"up":[{"embeddable":true,"href":"https:\/\/mnemolab.de\/en\/wp-json\/wp\/v2\/pages\/877"}],"wp:attachment":[{"href":"https:\/\/mnemolab.de\/en\/wp-json\/wp\/v2\/media?parent=1988"}],"curies":[{"name":"wp","href":"https:\/\/api.w.org\/{rel}","templated":true}]}}