{"id":2023,"date":"2021-04-14T15:12:00","date_gmt":"2021-04-14T13:12:00","guid":{"rendered":"https:\/\/mnemolab.de\/?page_id=2023"},"modified":"2021-05-03T11:09:59","modified_gmt":"2021-05-03T09:09:59","slug":"entwicklung","status":"publish","type":"page","link":"https:\/\/mnemolab.de\/en\/forschung\/entwicklung\/","title":{"rendered":"Entwicklung"},"content":{"rendered":"<div data-elementor-type=\"wp-page\" data-elementor-id=\"2023\" class=\"elementor elementor-2023\">\n\t\t\t\t\t\t<div class=\"elementor-inner\">\n\t\t\t\t<div class=\"elementor-section-wrap\">\n\t\t\t\t\t\t\t\t\t<section class=\"elementor-section elementor-top-section elementor-element elementor-element-4788795b elementor-section-boxed elementor-section-height-default elementor-section-height-default\" data-id=\"4788795b\" data-element_type=\"section\">\n\t\t\t\t\t\t<div class=\"elementor-container elementor-column-gap-default\">\n\t\t\t\t\t\t\t<div class=\"elementor-row\">\n\t\t\t\t\t<div class=\"elementor-column elementor-col-100 elementor-top-column elementor-element elementor-element-5ced0c3b\" data-id=\"5ced0c3b\" data-element_type=\"column\">\n\t\t\t<div class=\"elementor-column-wrap elementor-element-populated\">\n\t\t\t\t\t\t\t<div class=\"elementor-widget-wrap\">\n\t\t\t\t\t\t<section class=\"elementor-section elementor-inner-section elementor-element elementor-element-2dc5394 elementor-section-boxed elementor-section-height-default elementor-section-height-default\" data-id=\"2dc5394\" data-element_type=\"section\">\n\t\t\t\t\t\t<div class=\"elementor-container elementor-column-gap-default\">\n\t\t\t\t\t\t\t<div class=\"elementor-row\">\n\t\t\t\t\t<div class=\"elementor-column elementor-col-33 elementor-inner-column elementor-element elementor-element-4b8e45bf\" data-id=\"4b8e45bf\" data-element_type=\"column\">\n\t\t\t<div class=\"elementor-column-wrap\">\n\t\t\t\t\t\t\t<div class=\"elementor-widget-wrap\">\n\t\t\t\t\t\t\t\t<\/div>\n\t\t\t\t\t<\/div>\n\t\t<\/div>\n\t\t\t\t<div class=\"elementor-column elementor-col-33 elementor-inner-column elementor-element elementor-element-3de9f9ed\" data-id=\"3de9f9ed\" data-element_type=\"column\">\n\t\t\t<div class=\"elementor-column-wrap elementor-element-populated\">\n\t\t\t\t\t\t\t<div class=\"elementor-widget-wrap\">\n\t\t\t\t\t\t<div class=\"elementor-element elementor-element-2dd5b467 elementor-widget elementor-widget-heading\" data-id=\"2dd5b467\" data-element_type=\"widget\" data-widget_type=\"heading.default\">\n\t\t\t\t<div class=\"elementor-widget-container\">\n\t\t\t<h2 class=\"elementor-heading-title elementor-size-default\">The development of a new mnemonic technique: The Autobiographical Method<\/h2>\t\t<\/div>\n\t\t\t\t<\/div>\n\t\t\t\t<div class=\"elementor-element elementor-element-daa8dec elementor-widget elementor-widget-text-editor\" data-id=\"daa8dec\" data-element_type=\"widget\" data-widget_type=\"text-editor.default\">\n\t\t\t\t<div class=\"elementor-widget-container\">\n\t\t\t\t\t\t\t\t<div class=\"elementor-text-editor elementor-clearfix\">\n\t\t\t\t<span style=\"font-size: 3mm;\">Kluger, F. E. Caplan, J. B. (May 2019). Developing a New Mnemonic Technique. Poster presented at the Episodic and Contextual Memory Symposium (CEMS) in Philadelphia, Pennsylvania, USA\n<\/span>\t\t\t\t\t<\/div>\n\t\t\t\t\t\t<\/div>\n\t\t\t\t<\/div>\n\t\t\t\t<div class=\"elementor-element elementor-element-2ee144bf elementor-widget-divider--view-line elementor-widget elementor-widget-divider\" data-id=\"2ee144bf\" data-element_type=\"widget\" data-widget_type=\"divider.default\">\n\t\t\t\t<div class=\"elementor-widget-container\">\n\t\t\t\t\t<div class=\"elementor-divider\">\n\t\t\t<span class=\"elementor-divider-separator\">\n\t\t\t\t\t\t<\/span>\n\t\t<\/div>\n\t\t\t\t<\/div>\n\t\t\t\t<\/div>\n\t\t\t\t<div class=\"elementor-element elementor-element-118223e elementor-widget elementor-widget-heading\" data-id=\"118223e\" data-element_type=\"widget\" data-widget_type=\"heading.default\">\n\t\t\t\t<div class=\"elementor-widget-container\">\n\t\t\t<h4 class=\"elementor-heading-title elementor-size-default\">Background<\/h4>\t\t<\/div>\n\t\t\t\t<\/div>\n\t\t\t\t<div class=\"elementor-element elementor-element-61da48d elementor-widget elementor-widget-text-editor\" data-id=\"61da48d\" data-element_type=\"widget\" data-widget_type=\"text-editor.default\">\n\t\t\t\t<div class=\"elementor-widget-container\">\n\t\t\t\t\t\t\t\t<div class=\"elementor-text-editor elementor-clearfix\">\n\t\t\t\t<p><span style=\"font-weight: 400;\">While the Method of Loci increases memory performance in younger people, it is less suitable for older adults. We are developing an alternative to the Method of Loci that is based on autobiographical stories instead of navigating a route through a familiar environment. <\/span><\/p><p><a href=\"https:\/\/mnemolab.de\/en\/senioren\/\">Click here to learn why the Autobiographical Method is promising for older adults<\/a><\/p>\t\t\t\t\t<\/div>\n\t\t\t\t\t\t<\/div>\n\t\t\t\t<\/div>\n\t\t\t\t<div class=\"elementor-element elementor-element-f869c31 elementor-widget elementor-widget-heading\" data-id=\"f869c31\" data-element_type=\"widget\" data-widget_type=\"heading.default\">\n\t\t\t\t<div class=\"elementor-widget-container\">\n\t\t\t<h4 class=\"elementor-heading-title elementor-size-default\">Goal &amp; Main Research Question <\/h4>\t\t<\/div>\n\t\t\t\t<\/div>\n\t\t\t\t<div class=\"elementor-element elementor-element-0f47f32 elementor-widget elementor-widget-text-editor\" data-id=\"0f47f32\" data-element_type=\"widget\" data-widget_type=\"text-editor.default\">\n\t\t\t\t<div class=\"elementor-widget-container\">\n\t\t\t\t\t\t\t\t<div class=\"elementor-text-editor elementor-clearfix\">\n\t\t\t\t<p><span style=\"font-weight: 400;\">The objective of this study was to develop a new mnemonic technique that leverages a form of memory that older adults excel in - remembering stories about their own lives. We compared four different presentation modes of the Autobiographical Mnemonic Technique to find out which one works best.<\/span><\/p>\t\t\t\t\t<\/div>\n\t\t\t\t\t\t<\/div>\n\t\t\t\t<\/div>\n\t\t\t\t<div class=\"elementor-element elementor-element-37537b8 elementor-widget elementor-widget-shortcode\" data-id=\"37537b8\" data-element_type=\"widget\" data-widget_type=\"shortcode.default\">\n\t\t\t\t<div class=\"elementor-widget-container\">\n\t\t\t\t\t<div class=\"elementor-shortcode\">\t\t\t<a class=\"paoc-popup popupaoc-link\" href=\"javascript:void(0);\" data-target=\"popuppaoc-modal-2270\" data-conf='{\"content\":{ \"target\" : \"#paoc-modal-1\", \"effect\": \"fadein\", \"positionX\": \"center\", \"positionY\": \"center\", \"fullscreen\": false, \"speedIn\": 300, \"speedOut\": 300, \"delay\": 150, \"width\": \"60%\" },\"loader\":{\"active\": true},\"overlay\":{\"active\": true}}'>Infobox: Autobiographical Method<\/a>\r\t\t<\/div>\n\t\t\t\t<\/div>\n\t\t\t\t<\/div>\n\t\t\t\t<div class=\"elementor-element elementor-element-979bd55 elementor-widget elementor-widget-heading\" data-id=\"979bd55\" data-element_type=\"widget\" data-widget_type=\"heading.default\">\n\t\t\t\t<div class=\"elementor-widget-container\">\n\t\t\t<h4 class=\"elementor-heading-title elementor-size-default\">Methods<\/h4>\t\t<\/div>\n\t\t\t\t<\/div>\n\t\t\t\t<div class=\"elementor-element elementor-element-9ba7127 elementor-widget elementor-widget-text-editor\" data-id=\"9ba7127\" data-element_type=\"widget\" data-widget_type=\"text-editor.default\">\n\t\t\t\t<div class=\"elementor-widget-container\">\n\t\t\t\t\t\t\t\t<div class=\"elementor-text-editor elementor-clearfix\">\n\t\t\t\t<p>115 students wrote down a story from their lives split up into 10 sentences and then, under varying conditions, attempted to memorize lists of 10 random words each by incorporating them into the sentences from their autobiographical story.\u00a0<\/p><p><span style=\"font-weight: 400;\">The students were divided into the following groups:<\/span><\/p><ol><li aria-level=\"1\">The first group inserted the to-be-remembered words into their story by re-typing the story with the words integrated.<\/li><li aria-level=\"1\">The second group only saw to-be-remembered words one after the other and had to incorporate them into their story without their typed story on the screen.<\/li><li aria-level=\"1\">The third group saw their whole story together with a to-be-remembered word on the screen.<\/li><li style=\"font-weight: 400;\" aria-level=\"1\"><span style=\"font-weight: 400;\">The fourth group each saw one of their sentences along with a to-be-remembered word on each screen.<\/span><\/li><li style=\"font-weight: 400;\" aria-level=\"1\"><span style=\"font-weight: 400;\">The fifth group was a control group that wrote down an autobiographical story but received no instructions on how to use it.<\/span><\/li><\/ol>\t\t\t\t\t<\/div>\n\t\t\t\t\t\t<\/div>\n\t\t\t\t<\/div>\n\t\t\t\t<div class=\"elementor-element elementor-element-046f8a1 elementor-widget elementor-widget-image\" data-id=\"046f8a1\" data-element_type=\"widget\" data-widget_type=\"image.default\">\n\t\t\t\t<div class=\"elementor-widget-container\">\n\t\t\t\t\t\t\t\t<div class=\"elementor-image\">\n\t\t\t\t\t\t\t\t\t\t\t\t<img width=\"1024\" height=\"745\" src=\"https:\/\/mnemolab.de\/wp-content\/uploads\/2021\/05\/lociergvar_en.jpg\" class=\"attachment-large size-large wp-image-2271\" alt=\"\" loading=\"lazy\" srcset=\"https:\/\/mnemolab.de\/wp-content\/uploads\/2021\/05\/lociergvar_en.jpg 1251w, https:\/\/mnemolab.de\/wp-content\/uploads\/2021\/05\/lociergvar_en-300x218.jpg 300w, https:\/\/mnemolab.de\/wp-content\/uploads\/2021\/05\/lociergvar_en-1024x745.jpg 1024w, https:\/\/mnemolab.de\/wp-content\/uploads\/2021\/05\/lociergvar_en-768x559.jpg 768w, https:\/\/mnemolab.de\/wp-content\/uploads\/2021\/05\/lociergvar_en-16x12.jpg 16w\" sizes=\"(max-width: 1024px) 100vw, 1024px\" \/>\t\t\t\t\t\t\t\t\t\t\t\t\t\t<\/div>\n\t\t\t\t\t\t<\/div>\n\t\t\t\t<\/div>\n\t\t\t\t<div class=\"elementor-element elementor-element-0d25f53 elementor-widget elementor-widget-heading\" data-id=\"0d25f53\" data-element_type=\"widget\" data-widget_type=\"heading.default\">\n\t\t\t\t<div class=\"elementor-widget-container\">\n\t\t\t<h4 class=\"elementor-heading-title elementor-size-default\">Results<\/h4>\t\t<\/div>\n\t\t\t\t<\/div>\n\t\t\t\t<div class=\"elementor-element elementor-element-9b16965 elementor-widget elementor-widget-text-editor\" data-id=\"9b16965\" data-element_type=\"widget\" data-widget_type=\"text-editor.default\">\n\t\t\t\t<div class=\"elementor-widget-container\">\n\t\t\t\t\t\t\t\t<div class=\"elementor-text-editor elementor-clearfix\">\n\t\t\t\t<p><span style=\"font-weight: 400;\">Our results showed that autobiographical stories are effective mnemonic scaffolds when used as in Group 1 and 4.\u00a0<\/span><\/p><p>Group 4 was able to connect the sentences one by one with a word with little effort and thus achieved a similarly good learning success as group 1 without having to re-type the story with the words integrated.\u00a0<\/p><p><span style=\"font-weight: 400;\">Groups 2 and 3 performed worse. Re-reading the sentences or studying the words without the story did not improve memory.<\/span><\/p>\t\t\t\t\t<\/div>\n\t\t\t\t\t\t<\/div>\n\t\t\t\t<\/div>\n\t\t\t\t<div class=\"elementor-element elementor-element-6e2641f elementor-widget elementor-widget-heading\" data-id=\"6e2641f\" data-element_type=\"widget\" data-widget_type=\"heading.default\">\n\t\t\t\t<div class=\"elementor-widget-container\">\n\t\t\t<h4 class=\"elementor-heading-title elementor-size-default\">Relevance <\/h4>\t\t<\/div>\n\t\t\t\t<\/div>\n\t\t\t\t<div class=\"elementor-element elementor-element-b0ddbe2 elementor-widget elementor-widget-text-editor\" data-id=\"b0ddbe2\" data-element_type=\"widget\" data-widget_type=\"text-editor.default\">\n\t\t\t\t<div class=\"elementor-widget-container\">\n\t\t\t\t\t\t\t\t<div class=\"elementor-text-editor elementor-clearfix\">\n\t\t\t\t<p><span style=\"font-weight: 400;\">Our results show how autobiographical stories must be presented along with study items to enhance memory performance. <\/span><\/p>\t\t\t\t\t<\/div>\n\t\t\t\t\t\t<\/div>\n\t\t\t\t<\/div>\n\t\t\t\t<div class=\"elementor-element elementor-element-4d7de5c elementor-widget elementor-widget-heading\" data-id=\"4d7de5c\" data-element_type=\"widget\" data-widget_type=\"heading.default\">\n\t\t\t\t<div class=\"elementor-widget-container\">\n\t\t\t<h4 class=\"elementor-heading-title elementor-size-default\">Poster<\/h4>\t\t<\/div>\n\t\t\t\t<\/div>\n\t\t\t\t<div class=\"elementor-element elementor-element-66fcba7 elementor-hidden-desktop elementor-widget elementor-widget-text-editor\" data-id=\"66fcba7\" data-element_type=\"widget\" data-widget_type=\"text-editor.default\">\n\t\t\t\t<div class=\"elementor-widget-container\">\n\t\t\t\t\t\t\t\t<div class=\"elementor-text-editor elementor-clearfix\">\n\t\t\t\t<p><a href=\"https:\/\/mnemolab.de\/wp-content\/uploads\/2021\/04\/Poster-Developing-a-New-Mnemonic-Strategy-1.pdf\" target=\"_blank\" rel=\"noopener\" data-wplink-edit=\"true\">Here you can see the original poster<\/a><\/p>\t\t\t\t\t<\/div>\n\t\t\t\t\t\t<\/div>\n\t\t\t\t<\/div>\n\t\t\t\t<div class=\"elementor-element elementor-element-a4c3d43 elementor-hidden-tablet elementor-hidden-phone elementor-widget elementor-widget-shortcode\" data-id=\"a4c3d43\" data-element_type=\"widget\" data-widget_type=\"shortcode.default\">\n\t\t\t\t<div class=\"elementor-widget-container\">\n\t\t\t\t\t<div class=\"elementor-shortcode\"><a href=\"https:\/\/mnemolab.de\/wp-content\/uploads\/2021\/04\/Poster-Developing-a-New-Mnemonic-Strategy-1.pdf\" class=\"pdfemb-viewer\" style=\"\" data-width=\"max\" data-height=\"max\"  data-toolbar=\"bottom\" data-toolbar-fixed=\"off\">Poster-Developing-a-New-Mnemonic-Strategy-1<br\/><\/a><\/div>\n\t\t\t\t<\/div>\n\t\t\t\t<\/div>\n\t\t\t\t\t\t<\/div>\n\t\t\t\t\t<\/div>\n\t\t<\/div>\n\t\t\t\t<div class=\"elementor-column elementor-col-33 elementor-inner-column elementor-element elementor-element-14ee4ada\" data-id=\"14ee4ada\" data-element_type=\"column\">\n\t\t\t<div class=\"elementor-column-wrap\">\n\t\t\t\t\t\t\t<div class=\"elementor-widget-wrap\">\n\t\t\t\t\t\t\t\t<\/div>\n\t\t\t\t\t<\/div>\n\t\t<\/div>\n\t\t\t\t\t\t\t\t<\/div>\n\t\t\t\t\t<\/div>\n\t\t<\/section>\n\t\t\t\t\t\t<\/div>\n\t\t\t\t\t<\/div>\n\t\t<\/div>\n\t\t\t\t\t\t\t\t<\/div>\n\t\t\t\t\t<\/div>\n\t\t<\/section>\n\t\t\t\t\t\t\t\t\t<\/div>\n\t\t\t<\/div>\n\t\t\t\t\t<\/div>","protected":false},"excerpt":{"rendered":"<p>Die Entwicklung einer neuen Ged\u00e4chtnistechnik: Die Autobiographische Methode Kluger, F. E. Caplan, J. B. (May 2019). Developing a New Mnemonic Technique. Poster presented at the Episodic and Contextual Memory Symposium (CEMS) in Philadelphia, Pennsylvania, USA Hintergrund W\u00e4hrend die Loci-Methode bei j\u00fcngeren Menschen zu einer Ged\u00e4chtnisleistungsteigerung f\u00fchrt, hat sie sich bei \u00e4lteren Menschen als weniger geeignet &hellip;<\/p>\n<p class=\"read-more\"> <a class=\"\" href=\"https:\/\/mnemolab.de\/en\/forschung\/entwicklung\/\"> <span class=\"screen-reader-text\">Entwicklung<\/span> Read More &raquo;<\/a><\/p>","protected":false},"author":1,"featured_media":0,"parent":877,"menu_order":0,"comment_status":"closed","ping_status":"closed","template":"","meta":[],"yoast_head":"<!-- This site is optimized with the Yoast SEO plugin v17.1 - https:\/\/yoast.com\/wordpress\/plugins\/seo\/ -->\n<title>Entwicklung - MnemoLab<\/title>\n<meta name=\"description\" content=\"Eine Forschungs- Trainingsplattform f\u00fcr neurokognitives Ged\u00e4chtnistraining mit Selbstversuch zum steigern der eigenen Ged\u00e4chtnisleistung.\" \/>\n<meta name=\"robots\" content=\"index, follow, max-snippet:-1, max-image-preview:large, max-video-preview:-1\" \/>\n<link rel=\"canonical\" href=\"https:\/\/mnemolab.de\/en\/forschung\/entwicklung\/\" \/>\n<meta property=\"og:locale\" content=\"en_US\" \/>\n<meta property=\"og:type\" content=\"article\" \/>\n<meta property=\"og:title\" content=\"Entwicklung - MnemoLab\" \/>\n<meta property=\"og:description\" content=\"Eine Forschungs- Trainingsplattform f\u00fcr neurokognitives Ged\u00e4chtnistraining mit Selbstversuch zum steigern der eigenen Ged\u00e4chtnisleistung.\" \/>\n<meta property=\"og:url\" content=\"https:\/\/mnemolab.de\/en\/forschung\/entwicklung\/\" \/>\n<meta property=\"og:site_name\" content=\"MnemoLab\" \/>\n<meta property=\"article:modified_time\" content=\"2021-05-03T09:09:59+00:00\" \/>\n<meta property=\"og:image\" content=\"https:\/\/mnemolab.de\/wp-content\/uploads\/2021\/04\/autobio-1024x745.jpg\" \/>\n<meta name=\"twitter:card\" content=\"summary_large_image\" \/>\n<meta name=\"twitter:label1\" content=\"Est. reading time\" \/>\n\t<meta name=\"twitter:data1\" content=\"2 minutes\" \/>\n<script type=\"application\/ld+json\" class=\"yoast-schema-graph\">{\"@context\":\"https:\/\/schema.org\",\"@graph\":[{\"@type\":\"Organization\",\"@id\":\"https:\/\/mnemolab.de\/#organization\",\"name\":\"MnemoLab\",\"url\":\"https:\/\/mnemolab.de\/\",\"sameAs\":[],\"logo\":{\"@type\":\"ImageObject\",\"@id\":\"https:\/\/mnemolab.de\/#logo\",\"inLanguage\":\"en-US\",\"url\":\"https:\/\/mnemolab.de\/wp-content\/uploads\/2021\/02\/Logo-ohne-Hintergrund.png\",\"contentUrl\":\"https:\/\/mnemolab.de\/wp-content\/uploads\/2021\/02\/Logo-ohne-Hintergrund.png\",\"width\":3543,\"height\":3543,\"caption\":\"MnemoLab\"},\"image\":{\"@id\":\"https:\/\/mnemolab.de\/#logo\"}},{\"@type\":\"WebSite\",\"@id\":\"https:\/\/mnemolab.de\/#website\",\"url\":\"https:\/\/mnemolab.de\/\",\"name\":\"MnemoLab\",\"description\":\"Forschungs- Trainingsplattform f\\u00fcr neurokognitives Ged\\u00e4chtnistraining\",\"publisher\":{\"@id\":\"https:\/\/mnemolab.de\/#organization\"},\"potentialAction\":[{\"@type\":\"SearchAction\",\"target\":{\"@type\":\"EntryPoint\",\"urlTemplate\":\"https:\/\/mnemolab.de\/?s={search_term_string}\"},\"query-input\":\"required name=search_term_string\"}],\"inLanguage\":\"en-US\"},{\"@type\":\"ImageObject\",\"@id\":\"https:\/\/mnemolab.de\/forschung\/entwicklung\/#primaryimage\",\"inLanguage\":\"en-US\",\"url\":\"https:\/\/mnemolab.de\/wp-content\/uploads\/2021\/04\/autobio.jpg\",\"contentUrl\":\"https:\/\/mnemolab.de\/wp-content\/uploads\/2021\/04\/autobio.jpg\",\"width\":1251,\"height\":910},{\"@type\":\"WebPage\",\"@id\":\"https:\/\/mnemolab.de\/forschung\/entwicklung\/#webpage\",\"url\":\"https:\/\/mnemolab.de\/forschung\/entwicklung\/\",\"name\":\"Entwicklung - MnemoLab\",\"isPartOf\":{\"@id\":\"https:\/\/mnemolab.de\/#website\"},\"primaryImageOfPage\":{\"@id\":\"https:\/\/mnemolab.de\/forschung\/entwicklung\/#primaryimage\"},\"datePublished\":\"2021-04-14T13:12:00+00:00\",\"dateModified\":\"2021-05-03T09:09:59+00:00\",\"description\":\"Eine Forschungs- Trainingsplattform f\\u00fcr neurokognitives Ged\\u00e4chtnistraining mit Selbstversuch zum steigern der eigenen Ged\\u00e4chtnisleistung.\",\"breadcrumb\":{\"@id\":\"https:\/\/mnemolab.de\/forschung\/entwicklung\/#breadcrumb\"},\"inLanguage\":\"en-US\",\"potentialAction\":[{\"@type\":\"ReadAction\",\"target\":[\"https:\/\/mnemolab.de\/forschung\/entwicklung\/\"]}]},{\"@type\":\"BreadcrumbList\",\"@id\":\"https:\/\/mnemolab.de\/forschung\/entwicklung\/#breadcrumb\",\"itemListElement\":[{\"@type\":\"ListItem\",\"position\":1,\"name\":\"Startseite\",\"item\":\"https:\/\/mnemolab.de\/\"},{\"@type\":\"ListItem\",\"position\":2,\"name\":\"Forschung\",\"item\":\"https:\/\/mnemolab.de\/forschung\/\"},{\"@type\":\"ListItem\",\"position\":3,\"name\":\"Entwicklung\"}]}]}<\/script>\n<!-- \/ Yoast SEO plugin. -->","yoast_head_json":{"title":"Entwicklung - MnemoLab","description":"Eine Forschungs- Trainingsplattform f\u00fcr neurokognitives Ged\u00e4chtnistraining mit Selbstversuch zum steigern der eigenen Ged\u00e4chtnisleistung.","robots":{"index":"index","follow":"follow","max-snippet":"max-snippet:-1","max-image-preview":"max-image-preview:large","max-video-preview":"max-video-preview:-1"},"canonical":"https:\/\/mnemolab.de\/en\/forschung\/entwicklung\/","og_locale":"en_US","og_type":"article","og_title":"Entwicklung - MnemoLab","og_description":"Eine Forschungs- Trainingsplattform f\u00fcr neurokognitives Ged\u00e4chtnistraining mit Selbstversuch zum steigern der eigenen Ged\u00e4chtnisleistung.","og_url":"https:\/\/mnemolab.de\/en\/forschung\/entwicklung\/","og_site_name":"MnemoLab","article_modified_time":"2021-05-03T09:09:59+00:00","og_image":[{"url":"https:\/\/mnemolab.de\/wp-content\/uploads\/2021\/04\/autobio-1024x745.jpg"}],"twitter_card":"summary_large_image","twitter_misc":{"Est. reading time":"2 minutes"},"schema":{"@context":"https:\/\/schema.org","@graph":[{"@type":"Organization","@id":"https:\/\/mnemolab.de\/#organization","name":"MnemoLab","url":"https:\/\/mnemolab.de\/","sameAs":[],"logo":{"@type":"ImageObject","@id":"https:\/\/mnemolab.de\/#logo","inLanguage":"en-US","url":"https:\/\/mnemolab.de\/wp-content\/uploads\/2021\/02\/Logo-ohne-Hintergrund.png","contentUrl":"https:\/\/mnemolab.de\/wp-content\/uploads\/2021\/02\/Logo-ohne-Hintergrund.png","width":3543,"height":3543,"caption":"MnemoLab"},"image":{"@id":"https:\/\/mnemolab.de\/#logo"}},{"@type":"WebSite","@id":"https:\/\/mnemolab.de\/#website","url":"https:\/\/mnemolab.de\/","name":"MnemoLab","description":"Forschungs- Trainingsplattform f\u00fcr neurokognitives Ged\u00e4chtnistraining","publisher":{"@id":"https:\/\/mnemolab.de\/#organization"},"potentialAction":[{"@type":"SearchAction","target":{"@type":"EntryPoint","urlTemplate":"https:\/\/mnemolab.de\/?s={search_term_string}"},"query-input":"required name=search_term_string"}],"inLanguage":"en-US"},{"@type":"ImageObject","@id":"https:\/\/mnemolab.de\/forschung\/entwicklung\/#primaryimage","inLanguage":"en-US","url":"https:\/\/mnemolab.de\/wp-content\/uploads\/2021\/04\/autobio.jpg","contentUrl":"https:\/\/mnemolab.de\/wp-content\/uploads\/2021\/04\/autobio.jpg","width":1251,"height":910},{"@type":"WebPage","@id":"https:\/\/mnemolab.de\/forschung\/entwicklung\/#webpage","url":"https:\/\/mnemolab.de\/forschung\/entwicklung\/","name":"Entwicklung - MnemoLab","isPartOf":{"@id":"https:\/\/mnemolab.de\/#website"},"primaryImageOfPage":{"@id":"https:\/\/mnemolab.de\/forschung\/entwicklung\/#primaryimage"},"datePublished":"2021-04-14T13:12:00+00:00","dateModified":"2021-05-03T09:09:59+00:00","description":"Eine Forschungs- Trainingsplattform f\u00fcr neurokognitives Ged\u00e4chtnistraining mit Selbstversuch zum steigern der eigenen Ged\u00e4chtnisleistung.","breadcrumb":{"@id":"https:\/\/mnemolab.de\/forschung\/entwicklung\/#breadcrumb"},"inLanguage":"en-US","potentialAction":[{"@type":"ReadAction","target":["https:\/\/mnemolab.de\/forschung\/entwicklung\/"]}]},{"@type":"BreadcrumbList","@id":"https:\/\/mnemolab.de\/forschung\/entwicklung\/#breadcrumb","itemListElement":[{"@type":"ListItem","position":1,"name":"Startseite","item":"https:\/\/mnemolab.de\/"},{"@type":"ListItem","position":2,"name":"Forschung","item":"https:\/\/mnemolab.de\/forschung\/"},{"@type":"ListItem","position":3,"name":"Entwicklung"}]}]}},"_links":{"self":[{"href":"https:\/\/mnemolab.de\/en\/wp-json\/wp\/v2\/pages\/2023"}],"collection":[{"href":"https:\/\/mnemolab.de\/en\/wp-json\/wp\/v2\/pages"}],"about":[{"href":"https:\/\/mnemolab.de\/en\/wp-json\/wp\/v2\/types\/page"}],"author":[{"embeddable":true,"href":"https:\/\/mnemolab.de\/en\/wp-json\/wp\/v2\/users\/1"}],"replies":[{"embeddable":true,"href":"https:\/\/mnemolab.de\/en\/wp-json\/wp\/v2\/comments?post=2023"}],"version-history":[{"count":10,"href":"https:\/\/mnemolab.de\/en\/wp-json\/wp\/v2\/pages\/2023\/revisions"}],"predecessor-version":[{"id":2590,"href":"https:\/\/mnemolab.de\/en\/wp-json\/wp\/v2\/pages\/2023\/revisions\/2590"}],"up":[{"embeddable":true,"href":"https:\/\/mnemolab.de\/en\/wp-json\/wp\/v2\/pages\/877"}],"wp:attachment":[{"href":"https:\/\/mnemolab.de\/en\/wp-json\/wp\/v2\/media?parent=2023"}],"curies":[{"name":"wp","href":"https:\/\/api.w.org\/{rel}","templated":true}]}}