{"id":809,"date":"2021-02-03T11:07:15","date_gmt":"2021-02-03T10:07:15","guid":{"rendered":"http:\/\/mnemolab.de\/?page_id=809"},"modified":"2021-04-30T18:41:41","modified_gmt":"2021-04-30T16:41:41","slug":"explanding","status":"publish","type":"page","link":"https:\/\/mnemolab.de\/en\/explanding\/","title":{"rendered":"Experiment Landing"},"content":{"rendered":"<div data-elementor-type=\"wp-page\" data-elementor-id=\"809\" class=\"elementor elementor-809\">\n\t\t\t\t\t\t<div class=\"elementor-inner\">\n\t\t\t\t<div class=\"elementor-section-wrap\">\n\t\t\t\t\t\t\t\t\t<section class=\"elementor-section elementor-top-section elementor-element elementor-element-34cbd81 elementor-section-boxed elementor-section-height-default elementor-section-height-default\" data-id=\"34cbd81\" data-element_type=\"section\" data-settings=\"{&quot;background_background&quot;:&quot;classic&quot;}\">\n\t\t\t\t\t\t<div class=\"elementor-container elementor-column-gap-default\">\n\t\t\t\t\t\t\t<div class=\"elementor-row\">\n\t\t\t\t\t<div class=\"elementor-column elementor-col-100 elementor-top-column elementor-element elementor-element-1dfb88a\" data-id=\"1dfb88a\" data-element_type=\"column\">\n\t\t\t<div class=\"elementor-column-wrap elementor-element-populated\">\n\t\t\t\t\t\t\t<div class=\"elementor-widget-wrap\">\n\t\t\t\t\t\t<section class=\"elementor-section elementor-inner-section elementor-element elementor-element-8672813 elementor-section-boxed elementor-section-height-default elementor-section-height-default\" data-id=\"8672813\" data-element_type=\"section\">\n\t\t\t\t\t\t<div class=\"elementor-container elementor-column-gap-default\">\n\t\t\t\t\t\t\t<div class=\"elementor-row\">\n\t\t\t\t\t\t\t\t\t<\/div>\n\t\t\t\t\t<\/div>\n\t\t<\/section>\n\t\t\t\t<div class=\"elementor-element elementor-element-b62d207 elementor-widget elementor-widget-shortcode\" data-id=\"b62d207\" data-element_type=\"widget\" data-widget_type=\"shortcode.default\">\n\t\t\t\t<div class=\"elementor-widget-container\">\n\t\t\t\t\t<div class=\"elementor-shortcode\"><div class=\"center_wrapper\"><div class=\"replace\"><h2> Welcome to the self-test <\/h2><div class=\"text_wrap\"><p> Before you get started, please turn off or silence your cell phone and make sure you have a quiet environment alone, with no distractions!<\/p><p> Bitte lesen Sie die folgende  und best\u00e4tigen Sie dies unten durch klicken auf das K\u00e4stchen. <\/p><br \/><\/div><div id=\"response_div\"> <label for=\"your_name\">Participant <\/label><input type=\"text\" name=\"your_name\" id=\"your_name\" maxlength=\"30\" \/><br \/><input type=\"checkbox\" id=\"accept\"> Terms and Conditions read and agreed<\/div><br \/><br \/><input type=\"submit\" name=\"enter_name\" id=\"enter_name\" onclick=\"enter_name_func()\" value=\"Next\" \/><script> window.onload = function() { document.getElementById(\"your_name\").focus(); }; <\/script><\/div><\/div><\/div>\n\t\t\t\t<\/div>\n\t\t\t\t<\/div>\n\t\t\t\t\t\t<\/div>\n\t\t\t\t\t<\/div>\n\t\t<\/div>\n\t\t\t\t\t\t\t\t<\/div>\n\t\t\t\t\t<\/div>\n\t\t<\/section>\n\t\t\t\t<section class=\"elementor-section elementor-top-section elementor-element elementor-element-bef9bed elementor-hidden-desktop elementor-hidden-tablet elementor-hidden-phone elementor-section-boxed elementor-section-height-default elementor-section-height-default\" data-id=\"bef9bed\" data-element_type=\"section\">\n\t\t\t\t\t\t<div class=\"elementor-container elementor-column-gap-default\">\n\t\t\t\t\t\t\t<div class=\"elementor-row\">\n\t\t\t\t\t<div class=\"elementor-column elementor-col-100 elementor-top-column elementor-element elementor-element-2c58192\" data-id=\"2c58192\" data-element_type=\"column\">\n\t\t\t<div class=\"elementor-column-wrap elementor-element-populated\">\n\t\t\t\t\t\t\t<div class=\"elementor-widget-wrap\">\n\t\t\t\t\t\t<div class=\"elementor-element elementor-element-8c27843 elementor-widget elementor-widget-text-editor\" data-id=\"8c27843\" data-element_type=\"widget\" data-widget_type=\"text-editor.default\">\n\t\t\t\t<div class=\"elementor-widget-container\">\n\t\t\t\t\t\t\t\t<div class=\"elementor-text-editor elementor-clearfix\">\n\t\t\t\t<p>Selbstversuch wird gerade \u00fcberarbeitet und ist bald verf\u00fcgbar.\u00a0<\/p>\t\t\t\t\t<\/div>\n\t\t\t\t\t\t<\/div>\n\t\t\t\t<\/div>\n\t\t\t\t\t\t<\/div>\n\t\t\t\t\t<\/div>\n\t\t<\/div>\n\t\t\t\t\t\t\t\t<\/div>\n\t\t\t\t\t<\/div>\n\t\t<\/section>\n\t\t\t\t\t\t\t\t\t<\/div>\n\t\t\t<\/div>\n\t\t\t\t\t<\/div>","protected":false},"excerpt":{"rendered":"<p>Selbstversuch wird gerade \u00fcberarbeitet und ist bald verf\u00fcgbar.\u00a0<\/p>","protected":false},"author":1,"featured_media":0,"parent":0,"menu_order":0,"comment_status":"closed","ping_status":"closed","template":"","meta":[],"yoast_head":"<!-- This site is optimized with the Yoast SEO plugin v17.1 - https:\/\/yoast.com\/wordpress\/plugins\/seo\/ -->\n<title>Experiment Landing - MnemoLab<\/title>\n<meta name=\"description\" content=\"Eine Forschungs- Trainingsplattform f\u00fcr neurokognitives Ged\u00e4chtnistraining mit Selbstversuch zum steigern der eigenen Ged\u00e4chtnisleistung.\" \/>\n<meta name=\"robots\" content=\"index, follow, max-snippet:-1, max-image-preview:large, max-video-preview:-1\" \/>\n<link rel=\"canonical\" href=\"https:\/\/mnemolab.de\/en\/explanding\/\" \/>\n<meta property=\"og:locale\" content=\"en_US\" \/>\n<meta property=\"og:type\" content=\"article\" \/>\n<meta property=\"og:title\" content=\"Experiment Landing - MnemoLab\" \/>\n<meta property=\"og:description\" content=\"Eine Forschungs- Trainingsplattform f\u00fcr neurokognitives Ged\u00e4chtnistraining mit Selbstversuch zum steigern der eigenen Ged\u00e4chtnisleistung.\" \/>\n<meta property=\"og:url\" content=\"https:\/\/mnemolab.de\/en\/explanding\/\" \/>\n<meta property=\"og:site_name\" content=\"MnemoLab\" \/>\n<meta property=\"article:modified_time\" content=\"2021-04-30T16:41:41+00:00\" \/>\n<meta name=\"twitter:card\" content=\"summary_large_image\" \/>\n<script type=\"application\/ld+json\" class=\"yoast-schema-graph\">{\"@context\":\"https:\/\/schema.org\",\"@graph\":[{\"@type\":\"Organization\",\"@id\":\"https:\/\/mnemolab.de\/#organization\",\"name\":\"MnemoLab\",\"url\":\"https:\/\/mnemolab.de\/\",\"sameAs\":[],\"logo\":{\"@type\":\"ImageObject\",\"@id\":\"https:\/\/mnemolab.de\/#logo\",\"inLanguage\":\"en-US\",\"url\":\"https:\/\/mnemolab.de\/wp-content\/uploads\/2021\/02\/Logo-ohne-Hintergrund.png\",\"contentUrl\":\"https:\/\/mnemolab.de\/wp-content\/uploads\/2021\/02\/Logo-ohne-Hintergrund.png\",\"width\":3543,\"height\":3543,\"caption\":\"MnemoLab\"},\"image\":{\"@id\":\"https:\/\/mnemolab.de\/#logo\"}},{\"@type\":\"WebSite\",\"@id\":\"https:\/\/mnemolab.de\/#website\",\"url\":\"https:\/\/mnemolab.de\/\",\"name\":\"MnemoLab\",\"description\":\"Forschungs- Trainingsplattform f\\u00fcr neurokognitives Ged\\u00e4chtnistraining\",\"publisher\":{\"@id\":\"https:\/\/mnemolab.de\/#organization\"},\"potentialAction\":[{\"@type\":\"SearchAction\",\"target\":{\"@type\":\"EntryPoint\",\"urlTemplate\":\"https:\/\/mnemolab.de\/?s={search_term_string}\"},\"query-input\":\"required name=search_term_string\"}],\"inLanguage\":\"en-US\"},{\"@type\":\"WebPage\",\"@id\":\"https:\/\/mnemolab.de\/explanding\/#webpage\",\"url\":\"https:\/\/mnemolab.de\/explanding\/\",\"name\":\"Experiment Landing - MnemoLab\",\"isPartOf\":{\"@id\":\"https:\/\/mnemolab.de\/#website\"},\"datePublished\":\"2021-02-03T10:07:15+00:00\",\"dateModified\":\"2021-04-30T16:41:41+00:00\",\"description\":\"Eine Forschungs- Trainingsplattform f\\u00fcr neurokognitives Ged\\u00e4chtnistraining mit Selbstversuch zum steigern der eigenen Ged\\u00e4chtnisleistung.\",\"breadcrumb\":{\"@id\":\"https:\/\/mnemolab.de\/explanding\/#breadcrumb\"},\"inLanguage\":\"en-US\",\"potentialAction\":[{\"@type\":\"ReadAction\",\"target\":[\"https:\/\/mnemolab.de\/explanding\/\"]}]},{\"@type\":\"BreadcrumbList\",\"@id\":\"https:\/\/mnemolab.de\/explanding\/#breadcrumb\",\"itemListElement\":[{\"@type\":\"ListItem\",\"position\":1,\"name\":\"Startseite\",\"item\":\"https:\/\/mnemolab.de\/\"},{\"@type\":\"ListItem\",\"position\":2,\"name\":\"Experiment Landing\"}]}]}<\/script>\n<!-- \/ Yoast SEO plugin. -->","yoast_head_json":{"title":"Experiment Landing - MnemoLab","description":"Eine Forschungs- Trainingsplattform f\u00fcr neurokognitives Ged\u00e4chtnistraining mit Selbstversuch zum steigern der eigenen Ged\u00e4chtnisleistung.","robots":{"index":"index","follow":"follow","max-snippet":"max-snippet:-1","max-image-preview":"max-image-preview:large","max-video-preview":"max-video-preview:-1"},"canonical":"https:\/\/mnemolab.de\/en\/explanding\/","og_locale":"en_US","og_type":"article","og_title":"Experiment Landing - MnemoLab","og_description":"Eine Forschungs- Trainingsplattform f\u00fcr neurokognitives Ged\u00e4chtnistraining mit Selbstversuch zum steigern der eigenen Ged\u00e4chtnisleistung.","og_url":"https:\/\/mnemolab.de\/en\/explanding\/","og_site_name":"MnemoLab","article_modified_time":"2021-04-30T16:41:41+00:00","twitter_card":"summary_large_image","schema":{"@context":"https:\/\/schema.org","@graph":[{"@type":"Organization","@id":"https:\/\/mnemolab.de\/#organization","name":"MnemoLab","url":"https:\/\/mnemolab.de\/","sameAs":[],"logo":{"@type":"ImageObject","@id":"https:\/\/mnemolab.de\/#logo","inLanguage":"en-US","url":"https:\/\/mnemolab.de\/wp-content\/uploads\/2021\/02\/Logo-ohne-Hintergrund.png","contentUrl":"https:\/\/mnemolab.de\/wp-content\/uploads\/2021\/02\/Logo-ohne-Hintergrund.png","width":3543,"height":3543,"caption":"MnemoLab"},"image":{"@id":"https:\/\/mnemolab.de\/#logo"}},{"@type":"WebSite","@id":"https:\/\/mnemolab.de\/#website","url":"https:\/\/mnemolab.de\/","name":"MnemoLab","description":"Forschungs- Trainingsplattform f\u00fcr neurokognitives Ged\u00e4chtnistraining","publisher":{"@id":"https:\/\/mnemolab.de\/#organization"},"potentialAction":[{"@type":"SearchAction","target":{"@type":"EntryPoint","urlTemplate":"https:\/\/mnemolab.de\/?s={search_term_string}"},"query-input":"required name=search_term_string"}],"inLanguage":"en-US"},{"@type":"WebPage","@id":"https:\/\/mnemolab.de\/explanding\/#webpage","url":"https:\/\/mnemolab.de\/explanding\/","name":"Experiment Landing - MnemoLab","isPartOf":{"@id":"https:\/\/mnemolab.de\/#website"},"datePublished":"2021-02-03T10:07:15+00:00","dateModified":"2021-04-30T16:41:41+00:00","description":"Eine Forschungs- Trainingsplattform f\u00fcr neurokognitives Ged\u00e4chtnistraining mit Selbstversuch zum steigern der eigenen Ged\u00e4chtnisleistung.","breadcrumb":{"@id":"https:\/\/mnemolab.de\/explanding\/#breadcrumb"},"inLanguage":"en-US","potentialAction":[{"@type":"ReadAction","target":["https:\/\/mnemolab.de\/explanding\/"]}]},{"@type":"BreadcrumbList","@id":"https:\/\/mnemolab.de\/explanding\/#breadcrumb","itemListElement":[{"@type":"ListItem","position":1,"name":"Startseite","item":"https:\/\/mnemolab.de\/"},{"@type":"ListItem","position":2,"name":"Experiment Landing"}]}]}},"_links":{"self":[{"href":"https:\/\/mnemolab.de\/en\/wp-json\/wp\/v2\/pages\/809"}],"collection":[{"href":"https:\/\/mnemolab.de\/en\/wp-json\/wp\/v2\/pages"}],"about":[{"href":"https:\/\/mnemolab.de\/en\/wp-json\/wp\/v2\/types\/page"}],"author":[{"embeddable":true,"href":"https:\/\/mnemolab.de\/en\/wp-json\/wp\/v2\/users\/1"}],"replies":[{"embeddable":true,"href":"https:\/\/mnemolab.de\/en\/wp-json\/wp\/v2\/comments?post=809"}],"version-history":[{"count":10,"href":"https:\/\/mnemolab.de\/en\/wp-json\/wp\/v2\/pages\/809\/revisions"}],"predecessor-version":[{"id":2523,"href":"https:\/\/mnemolab.de\/en\/wp-json\/wp\/v2\/pages\/809\/revisions\/2523"}],"wp:attachment":[{"href":"https:\/\/mnemolab.de\/en\/wp-json\/wp\/v2\/media?parent=809"}],"curies":[{"name":"wp","href":"https:\/\/api.w.org\/{rel}","templated":true}]}}